{"id":687,"date":"2016-01-25T23:12:12","date_gmt":"2016-01-25T22:12:12","guid":{"rendered":"http:\/\/www.talas.it\/listino-prezzi\/"},"modified":"2026-01-16T15:42:16","modified_gmt":"2026-01-16T14:42:16","slug":"preisliste","status":"publish","type":"page","link":"https:\/\/www.talas.it\/de\/preisliste\/","title":{"rendered":"Preisliste"},"content":{"rendered":"<div class=\"wpb-content-wrapper\"><p>[vc_row][vc_column]<div id=\"ultimate-heading-327369f8bffb37553\" class=\"uvc-heading ult-adjust-bottom-margin ultimate-heading-327369f8bffb37553 uvc-9490 \" data-hspacer=\"image_only\"  data-halign=\"center\" style=\"text-align:center\"><div class=\"uvc-heading-spacer image_only\" style=\"top\"><img decoding=\"async\" src=\"https:\/\/www.talas.it\/wp-content\/uploads\/2016\/01\/logo-listino-01.png\" class=\"ultimate-headings-icon-image\" style=\"width:254px\"\/><\/div><div class=\"uvc-main-heading ult-responsive\"  data-ultimate-target='.uvc-heading.ultimate-heading-327369f8bffb37553 h2'  data-responsive-json-new='{\"font-size\":\"\",\"line-height\":\"\"}' ><h2 style=\"font-weight:normal;\">Preisliste 2026<\/h2><\/div><\/div>[vc_column_text css_animation=&#8220;fadeIn&#8220; css=&#8220;&#8220;]<\/p>\n<table class=\"tableizer-table\" style=\"width: 100%;\">\n<tbody>\n<tr class=\"tableizer-firstrow\">\n<th align=\"center\">\n<h5>Artikel<\/h5>\n<\/th>\n<th><\/th>\n<th style=\"text-align: right;\" align=\"center\">\n<h5>Preis<\/h5>\n<\/th>\n<th style=\"text-align: right;\" align=\"center\">\n<h5>Stk.<\/h5>\n<\/th>\n<\/tr>\n<tr>\n<th style=\"width: 82%;\" colspan=\"4\" align=\"left\">Tauchgang + Tank + Blei + Guide + Pasta<\/th>\n<\/tr>\n<tr>\n<td>Einzeltauchgang<\/td>\n<td><\/td>\n<td style=\"text-align: right; width: 9%;\">\u20ac 60,00<\/td>\n<td style=\"text-align: right; width: 9%;\">\u20ac 60,00<\/td>\n<\/tr>\n<tr>\n<td>2-Tauchg\u00e4nge-Paket<\/td>\n<td><\/td>\n<td style=\"text-align: right;\">\u20ac 120,00<\/td>\n<td style=\"text-align: right;\">\u20ac 60,00<\/td>\n<\/tr>\n<tr>\n<td>4-Tauchg\u00e4nge-Paket<\/td>\n<td><\/td>\n<td style=\"text-align: right;\">\u20ac 220,00<\/td>\n<td style=\"text-align: right;\">\u20ac 55,00<\/td>\n<\/tr>\n<tr>\n<td>6-Tauchg\u00e4nge-Paket<\/td>\n<td><\/td>\n<td style=\"text-align: right;\">\u20ac 300,00<\/td>\n<td style=\"text-align: right;\">\u20ac 50,00<\/td>\n<\/tr>\n<tr>\n<td>8-Tauchg\u00e4nge-Paket<\/td>\n<td><\/td>\n<td style=\"text-align: right;\">\u20ac 380,00<\/td>\n<td style=\"text-align: right;\">\u20ac 47,50<\/td>\n<\/tr>\n<tr>\n<td>10-Tauchg\u00e4nge-Paket<\/td>\n<td><\/td>\n<td style=\"text-align: right;\">\u20ac 450,00<\/td>\n<td style=\"text-align: right;\">\u20ac 45,00<\/td>\n<\/tr>\n<tr>\n<td colspan=\"4\"><\/td>\n<\/tr>\n<tr>\n<th colspan=\"4\" align=\"left\">Guide + komplette Ausr\u00fcstung + Pasta<\/th>\n<\/tr>\n<tr>\n<td>Einzeltauchgang<\/td>\n<td><\/td>\n<td style=\"text-align: right;\">\u20ac 100,00<\/td>\n<td style=\"text-align: right;\">\u20ac 100,00<\/td>\n<\/tr>\n<tr>\n<td>2-Tauchg\u00e4nge-Paket<\/td>\n<td><\/td>\n<td style=\"text-align: right;\">\u20ac 180,00<\/td>\n<td style=\"text-align: right;\">\u20ac 90,00<\/td>\n<\/tr>\n<tr>\n<td>4-Tauchg\u00e4nge-Paket<\/td>\n<td><\/td>\n<td style=\"text-align: right;\">\u20ac 320,00<\/td>\n<td style=\"text-align: right;\">\u20ac 80,00<\/td>\n<\/tr>\n<tr>\n<td>6-Tauchg\u00e4nge-Paket<\/td>\n<td><\/td>\n<td style=\"text-align: right;\">\u20ac 450,00<\/td>\n<td style=\"text-align: right;\">\u20ac 70,00<\/td>\n<\/tr>\n<tr>\n<td>8-Tauchg\u00e4nge-Paket<\/td>\n<td><\/td>\n<td style=\"text-align: right;\">\u20ac 560,00<\/td>\n<td style=\"text-align: right;\">\u20ac 75,00<\/td>\n<\/tr>\n<tr>\n<td>10-Tauchg\u00e4nge-Paket<\/td>\n<td><\/td>\n<td style=\"text-align: right;\">\u20ac 650,00<\/td>\n<td style=\"text-align: right;\">\u20ac 65,00<\/td>\n<\/tr>\n<tr>\n<td colspan=\"4\"><\/td>\n<\/tr>\n<tr>\n<td><strong>Nitrox-F\u00fcllung an Bord bis max. 28%<\/strong><\/p>\n<p>&nbsp;<\/td>\n<td style=\"text-align: right;\" colspan=\"3\">+ \u20ac 6,00<\/td>\n<\/tr>\n<tr>\n<td>Ganztagestour mit 2 Tauchg\u00e4ngen \u2013 Naturpark Isola di Pianosa<\/td>\n<td style=\"text-align: right;\" colspan=\"3\">\u20ac 170,00<\/td>\n<\/tr>\n<tr>\n<td>Ganztagestour mit 2 Tauchg\u00e4ngen \u2013 Naturpark Isola di Pianosa (Ausr\u00fcstungsverleih inklusive)<\/td>\n<td style=\"text-align: right;\" colspan=\"3\">\u20ac 200,00<\/td>\n<\/tr>\n<tr>\n<td>Ganzt\u00e4giges Schnorcheln \u2013 Pianosa<\/td>\n<td style=\"text-align: right;\" colspan=\"3\">\u20ac 100,00<\/td>\n<\/tr>\n<tr>\n<td>Schnorchel-Ausflug<\/td>\n<td style=\"text-align: right;\" colspan=\"3\">\u20ac 40,00<\/td>\n<\/tr>\n<tr>\n<td>Auffrischung im Pool<\/td>\n<td style=\"text-align: right;\" colspan=\"3\">\u20ac 30,00<\/td>\n<\/tr>\n<\/tbody>\n<\/table>\n<p>[\/vc_column_text]<div id=\"ultimate-heading-27769f8bffb3774a\" class=\"uvc-heading ult-adjust-bottom-margin ultimate-heading-27769f8bffb3774a uvc-9412 \" data-hspacer=\"line_with_icon\" data-hline_width=\"300\" data-hicon_type=\"custom\" data-hborder_style=\"solid\" data-hborder_height=\"2\" data-hborder_color=\"#dd9933\" data-icon_width=\"200\" data-hfixer=\"10\"  data-halign=\"center\" style=\"text-align:center\"><div class=\"uvc-heading-spacer line_with_icon\" style=\"top\"><div class=\"ult-just-icon-wrapper  \"><div class=\"align-icon\" style=\"text-align:center;\">\n<div class=\"aio-icon-img \" style=\"font-size:200px;display:inline-block;\" >\n\t<img decoding=\"async\" class=\"img-icon\" alt=\"\" src=\"https:\/\/www.talas.it\/wp-content\/uploads\/2016\/01\/corsi-subacquei-web.png\"\/>\n<\/div><\/div><\/div><\/div><div class=\"uvc-main-heading ult-responsive\"  data-ultimate-target='.uvc-heading.ultimate-heading-27769f8bffb3774a h2'  data-responsive-json-new='{\"font-size\":\"\",\"line-height\":\"\"}' ><h2 style=\"font-weight:normal;\">Tauchkurse<\/h2><\/div><\/div>[vc_column_text css_animation=&#8220;fadeIn&#8220; css=&#8220;.vc_custom_1768554780062{padding-top: 15px !important;}&#8220;]<\/p>\n<table style=\"width: 100%;\">\n<tbody>\n<tr>\n<td><strong>Discovery<\/strong> (1 Pool, 1\/2 Tauchg\u00e4nge, Ausr\u00fcstung)<\/td>\n<td style=\"text-align: right; width: 16%;\">\u20ac 120,00\/180,00<\/td>\n<\/tr>\n<tr>\n<td><strong>PADI Scuba Diver<\/strong> (3 Pools, 2 Tauchg\u00e4nge, Kit, Zertifizierung, Ausr\u00fcstung)<\/td>\n<td style=\"text-align: right; width: 16%;\">\u20ac 380,00<\/td>\n<\/tr>\n<tr>\n<td><strong>OWD-Upgrade<\/strong> (2 Pools, 2 Tauchg\u00e4nge, Pr\u00fcfung, Zertifizierung, Ausr\u00fcstung)<\/td>\n<td style=\"text-align: right;\">\u20ac 290,00<\/td>\n<\/tr>\n<tr>\n<td><strong>Open Water Diver<\/strong> (5 Pools, 4 Tauchg\u00e4nge, Kit, Zertifizierung, Ausr\u00fcstung)<\/td>\n<td style=\"text-align: right;\">\u20ac 580,00<\/td>\n<\/tr>\n<tr>\n<td><strong>Advanced Open Water Diver<\/strong> (6 Tauchg\u00e4nge, Kit, Zertifizierung)<\/td>\n<td style=\"text-align: right;\">\u20ac 480,00<\/td>\n<\/tr>\n<tr>\n<td><strong>Advanced Open Water Diver<\/strong> (6 Tauchg\u00e4nge, Kit, Zertifizierung, Ausr\u00fcstung)<\/td>\n<td style=\"text-align: right;\">\u20ac 600,00<\/td>\n<\/tr>\n<tr>\n<td><strong>Medic First Aid<\/strong> (Theorie, Praxis, Zertifizierung)<\/td>\n<td style=\"text-align: right;\">\u20ac 160,00<\/td>\n<\/tr>\n<tr>\n<td><strong>Rescue Diver<\/strong> (12 \u00dcbungen, 6 Tauchg\u00e4nge, Theorie, Kit, Zertifizierung)<\/td>\n<td style=\"text-align: right;\">\u20ac 580,00<\/td>\n<\/tr>\n<tr>\n<td><strong>Divemaster<\/strong> (Theorie, Praxis, Kit)<\/td>\n<td style=\"text-align: right;\">\u20ac 900,00<\/td>\n<\/tr>\n<\/tbody>\n<\/table>\n<p>[\/vc_column_text]<div id=\"ultimate-heading-576969f8bffb3793a\" class=\"uvc-heading ult-adjust-bottom-margin ultimate-heading-576969f8bffb3793a uvc-5822 \" data-hspacer=\"line_with_icon\" data-hline_width=\"300\" data-hicon_type=\"custom\" data-hborder_style=\"solid\" data-hborder_height=\"2\" data-hborder_color=\"#002c66\" data-icon_width=\"200\" data-hfixer=\"10\"  data-halign=\"center\" style=\"text-align:center\"><div class=\"uvc-heading-spacer line_with_icon\" style=\"top\"><div class=\"ult-just-icon-wrapper  \"><div class=\"align-icon\" style=\"text-align:center;\">\n<div class=\"aio-icon-img \" style=\"font-size:200px;display:inline-block;\" >\n\t<img decoding=\"async\" class=\"img-icon\" alt=\"\" src=\"https:\/\/www.talas.it\/wp-content\/uploads\/2016\/01\/Specialit\u00e0-web.png\"\/>\n<\/div><\/div><\/div><\/div><div class=\"uvc-main-heading ult-responsive\"  data-ultimate-target='.uvc-heading.ultimate-heading-576969f8bffb3793a h2'  data-responsive-json-new='{\"font-size\":\"\",\"line-height\":\"\"}' ><h2 style=\"font-weight:normal;\">Specialities<\/h2><\/div><\/div>[vc_column_text css_animation=&#8220;fadeIn&#8220; css=&#8220;&#8220;]<\/p>\n<table style=\"width: 100%;\">\n<tbody>\n<tr>\n<td><strong>Nitrox Basis<\/strong> (2 Nitrox-Tauchg\u00e4nge, Theorie, Kit, Zertifizierung)<\/td>\n<td style=\"text-align: right; width: 16%;\">\u20ac 250.00<\/td>\n<\/tr>\n<tr>\n<td><strong>Trockentauchanzug<\/strong> (2 Tauchg\u00e4nge, Theorie, Zertifizierung)<\/td>\n<td style=\"text-align: right;\">\u20ac 250,00<\/td>\n<\/tr>\n<tr>\n<td><strong>Wracktauchen<\/strong> (4 Tauchg\u00e4nge, Theorie, Zertifizierung)<\/td>\n<td style=\"text-align: right;\">\u20ac 350,00<\/td>\n<\/tr>\n<tr>\n<td><strong>Bootstauchen<\/strong> (2 Tauchg\u00e4nge, Theorie, Zertifizierung)<\/td>\n<td style=\"text-align: right;\">\u20ac 250,00<\/td>\n<\/tr>\n<tr>\n<td><strong>Nachttauchen<\/strong> (3 Tauchg\u00e4nge, Theorie, Zertifizierung)<\/td>\n<td style=\"text-align: right;\">\u20ac 350,00<\/td>\n<\/tr>\n<tr>\n<td><strong>Navigation<\/strong> (4 Tauchg\u00e4nge, Theorie, Zertifizierung)<\/td>\n<td style=\"text-align: right;\">\u20ac 320,00<\/td>\n<\/tr>\n<tr>\n<td><strong>Meereskunde<\/strong> (2 Tauchg\u00e4nge, Theorie, Handbuch, Zertifizierung)<\/td>\n<td style=\"text-align: right;\">\u20ac 250,00<\/td>\n<\/tr>\n<tr>\n<td><strong>Tauchcomputer<\/strong> (2 Tauchg\u00e4nge, Theorie, Zertifizierung)<\/td>\n<td style=\"text-align: right;\">\u20ac 250,00<\/td>\n<\/tr>\n<tr>\n<td><strong>Ausr\u00fcstung<\/strong> (Theorie, Praxis, Zertifizierung)<\/td>\n<td style=\"text-align: right;\">\u20ac 150,00<\/td>\n<\/tr>\n<tr>\n<td><strong>Tieftauchen<\/strong> (4 Tauchg\u00e4nge, Theorie, Zertifizierung)<\/td>\n<td style=\"text-align: right;\">\u20ac 350,00<\/td>\n<\/tr>\n<tr>\n<td><strong>Videografie<\/strong> (4 Tauchg\u00e4nge, Theorie, Zertifizierung)<\/td>\n<td style=\"text-align: right;\">\u20ac 350,00<\/td>\n<\/tr>\n<tr>\n<td><strong>Fotografie<\/strong> (4 Tauchg\u00e4nge, Theorie, Ausr\u00fcstung, Zertifizierung)<\/td>\n<td style=\"text-align: right;\">\u20ac 350,00<\/td>\n<\/tr>\n<\/tbody>\n<\/table>\n<p>[\/vc_column_text]<div id=\"ultimate-heading-659169f8bffb37b71\" class=\"uvc-heading ult-adjust-bottom-margin ultimate-heading-659169f8bffb37b71 uvc-1883 \" data-hspacer=\"line_with_icon\" data-hline_width=\"364\" data-hicon_type=\"custom\" data-hborder_style=\"solid\" data-hborder_height=\"2\" data-hborder_color=\"#aedaf2\" data-icon_width=\"420\" data-hfixer=\"10\"  data-halign=\"center\" style=\"text-align:center\"><div class=\"uvc-heading-spacer line_with_icon\" style=\"top\"><div class=\"ult-just-icon-wrapper  \"><div class=\"align-icon\" style=\"text-align:center;\">\n<div class=\"aio-icon-img \" style=\"font-size:420px;display:inline-block;\" >\n\t<img decoding=\"async\" class=\"img-icon\" alt=\"\" src=\"https:\/\/www.talas.it\/wp-content\/uploads\/2016\/01\/attrezzatura-web2.png\"\/>\n<\/div><\/div><\/div><\/div><div class=\"uvc-main-heading ult-responsive\"  data-ultimate-target='.uvc-heading.ultimate-heading-659169f8bffb37b71 h2'  data-responsive-json-new='{\"font-size\":\"\",\"line-height\":\"\"}' ><h2 style=\"font-weight:normal;\">Ausr\u00fcstung<\/h2><\/div><\/div>[vc_column_text css_animation=&#8220;fadeIn&#8220; css=&#8220;.vc_custom_1768554956652{padding-top: 15px !important;}&#8220;]<\/p>\n<table style=\"width: 100%;\">\n<tbody>\n<tr>\n<td>Tauchcomputer<\/td>\n<td style=\"text-align: right; width: 16%;\">\u20ac 10,00<\/td>\n<\/tr>\n<tr>\n<td>Taucheranzug<\/td>\n<td style=\"text-align: right;\">\u20ac 10,00<\/td>\n<\/tr>\n<tr>\n<td>Flossen<\/td>\n<td style=\"text-align: right;\">\u20ac 10,00<\/td>\n<\/tr>\n<tr>\n<td>Eintauchregler<\/td>\n<td style=\"text-align: right;\">\u20ac 15,00<\/td>\n<\/tr>\n<tr>\n<td>BCD zum Tauchen<\/td>\n<td style=\"text-align: right;\">\u20ac 15,00<\/td>\n<\/tr>\n<tr>\n<td>Taucherlampe<\/td>\n<td style=\"text-align: right;\">\u20ac 10,00<\/td>\n<\/tr>\n<\/tbody>\n<\/table>\n<p>[\/vc_column_text][\/vc_column][\/vc_row]<\/p>\n<\/div>","protected":false},"excerpt":{"rendered":"<p>[vc_row][vc_column][vc_column_text css_animation=&#8220;fadeIn&#8220; css=&#8220;&#8220;] Artikel Preis Stk. Tauchgang + Tank + Blei + Guide + Pasta Einzeltauchgang \u20ac 60,00 \u20ac 60,00 2-Tauchg\u00e4nge-Paket \u20ac 120,00 \u20ac 60,00 4-Tauchg\u00e4nge-Paket \u20ac 220,00 \u20ac 55,00 6-Tauchg\u00e4nge-Paket \u20ac 300,00 \u20ac 50,00 8-Tauchg\u00e4nge-Paket \u20ac 380,00 \u20ac 47,50 10-Tauchg\u00e4nge-Paket \u20ac 450,00 \u20ac 45,00 Guide + komplette Ausr\u00fcstung + Pasta Einzeltauchgang \u20ac 100,00 \u20ac&hellip;<\/p>\n","protected":false},"author":1,"featured_media":0,"parent":0,"menu_order":0,"comment_status":"closed","ping_status":"closed","template":"","meta":{"_acf_changed":false,"footnotes":""},"acf":[],"yoast_head":"<!-- This site is optimized with the Yoast SEO plugin v24.0 - https:\/\/yoast.com\/wordpress\/plugins\/seo\/ -->\n<title>Talas Diving Center - listino prezzi - immersioni Isola d&#039;Elba<\/title>\n<meta name=\"description\" content=\"Listino Prezzi immersioni isola d&#039;Elba, Diving Center, Isola d&#039;Elba, Elba diving Center, diving Center elba, Elba dive center, Immersioni, corsi, sub, corsi subacquei Elba\" \/>\n<meta name=\"robots\" content=\"index, follow, max-snippet:-1, max-image-preview:large, max-video-preview:-1\" \/>\n<link rel=\"canonical\" href=\"https:\/\/www.talas.it\/de\/preisliste\/\" \/>\n<meta property=\"og:locale\" content=\"de_DE\" \/>\n<meta property=\"og:type\" content=\"article\" \/>\n<meta property=\"og:title\" content=\"Talas Diving Center - Prezzi Servizi\" \/>\n<meta property=\"og:description\" content=\"Nuovo listino prezzi per la stagione 2016. Scopri i costi di corsi base, di specialit\u00e0 e noleggio attrezzatura\" \/>\n<meta property=\"og:url\" content=\"https:\/\/www.talas.it\/de\/preisliste\/\" \/>\n<meta property=\"og:site_name\" content=\"Talas Diving Center - Isola d&#039;Elba - Elba Diving - Diving Elba - Immersioni Isola d&#039;Elba - Tauchschule Elba - Elba Tauchen - Corsi Sub Elba\" \/>\n<meta property=\"article:publisher\" content=\"http:\/\/www.facebook.com\/talasdivingcenter\" \/>\n<meta property=\"article:modified_time\" content=\"2026-01-16T14:42:16+00:00\" \/>\n<meta property=\"og:image\" content=\"https:\/\/www.talas.it\/wp-content\/uploads\/2015\/05\/immersioni-isola-d-elba-logo-pp@2x.png\" \/>\n\t<meta property=\"og:image:width\" content=\"104\" \/>\n\t<meta property=\"og:image:height\" content=\"77\" \/>\n\t<meta property=\"og:image:type\" content=\"image\/png\" \/>\n<meta name=\"twitter:label1\" content=\"Gesch\u00e4tzte Lesezeit\" \/>\n\t<meta name=\"twitter:data1\" content=\"2\u00a0Minuten\" \/>\n<script type=\"application\/ld+json\" class=\"yoast-schema-graph\">{\"@context\":\"https:\/\/schema.org\",\"@graph\":[{\"@type\":\"WebPage\",\"@id\":\"https:\/\/www.talas.it\/de\/preisliste\/\",\"url\":\"https:\/\/www.talas.it\/de\/preisliste\/\",\"name\":\"Talas Diving Center - listino prezzi - immersioni Isola d'Elba\",\"isPartOf\":{\"@id\":\"https:\/\/www.talas.it\/#website\"},\"datePublished\":\"2016-01-25T22:12:12+00:00\",\"dateModified\":\"2026-01-16T14:42:16+00:00\",\"description\":\"Listino Prezzi immersioni isola d'Elba, Diving Center, Isola d'Elba, Elba diving Center, diving Center elba, Elba dive center, Immersioni, corsi, sub, corsi subacquei Elba\",\"breadcrumb\":{\"@id\":\"https:\/\/www.talas.it\/de\/preisliste\/#breadcrumb\"},\"inLanguage\":\"de\",\"potentialAction\":[{\"@type\":\"ReadAction\",\"target\":[\"https:\/\/www.talas.it\/de\/preisliste\/\"]}]},{\"@type\":\"BreadcrumbList\",\"@id\":\"https:\/\/www.talas.it\/de\/preisliste\/#breadcrumb\",\"itemListElement\":[{\"@type\":\"ListItem\",\"position\":1,\"name\":\"Home\",\"item\":\"https:\/\/www.talas.it\/de\/\"},{\"@type\":\"ListItem\",\"position\":2,\"name\":\"Preisliste\"}]},{\"@type\":\"WebSite\",\"@id\":\"https:\/\/www.talas.it\/#website\",\"url\":\"https:\/\/www.talas.it\/\",\"name\":\"Talas Diving Center - Isola d&#039;Elba - Elba Diving - Diving Elba - Immersioni Isola d&#039;Elba - Tauchschule Elba - Elba Tauchen - Corsi Sub Elba\",\"description\":\"Un nuovo sito targato WordPress\",\"potentialAction\":[{\"@type\":\"SearchAction\",\"target\":{\"@type\":\"EntryPoint\",\"urlTemplate\":\"https:\/\/www.talas.it\/?s={search_term_string}\"},\"query-input\":{\"@type\":\"PropertyValueSpecification\",\"valueRequired\":true,\"valueName\":\"search_term_string\"}}],\"inLanguage\":\"de\"}]}<\/script>\n<!-- \/ Yoast SEO plugin. -->","yoast_head_json":{"title":"Talas Diving Center - listino prezzi - immersioni Isola d'Elba","description":"Listino Prezzi immersioni isola d'Elba, Diving Center, Isola d'Elba, Elba diving Center, diving Center elba, Elba dive center, Immersioni, corsi, sub, corsi subacquei Elba","robots":{"index":"index","follow":"follow","max-snippet":"max-snippet:-1","max-image-preview":"max-image-preview:large","max-video-preview":"max-video-preview:-1"},"canonical":"https:\/\/www.talas.it\/de\/preisliste\/","og_locale":"de_DE","og_type":"article","og_title":"Talas Diving Center - Prezzi Servizi","og_description":"Nuovo listino prezzi per la stagione 2016. Scopri i costi di corsi base, di specialit\u00e0 e noleggio attrezzatura","og_url":"https:\/\/www.talas.it\/de\/preisliste\/","og_site_name":"Talas Diving Center - Isola d&#039;Elba - Elba Diving - Diving Elba - Immersioni Isola d&#039;Elba - Tauchschule Elba - Elba Tauchen - Corsi Sub Elba","article_publisher":"http:\/\/www.facebook.com\/talasdivingcenter","article_modified_time":"2026-01-16T14:42:16+00:00","og_image":[{"width":104,"height":77,"url":"https:\/\/www.talas.it\/wp-content\/uploads\/2015\/05\/immersioni-isola-d-elba-logo-pp@2x.png","type":"image\/png"}],"twitter_misc":{"Gesch\u00e4tzte Lesezeit":"2\u00a0Minuten"},"schema":{"@context":"https:\/\/schema.org","@graph":[{"@type":"WebPage","@id":"https:\/\/www.talas.it\/de\/preisliste\/","url":"https:\/\/www.talas.it\/de\/preisliste\/","name":"Talas Diving Center - listino prezzi - immersioni Isola d'Elba","isPartOf":{"@id":"https:\/\/www.talas.it\/#website"},"datePublished":"2016-01-25T22:12:12+00:00","dateModified":"2026-01-16T14:42:16+00:00","description":"Listino Prezzi immersioni isola d'Elba, Diving Center, Isola d'Elba, Elba diving Center, diving Center elba, Elba dive center, Immersioni, corsi, sub, corsi subacquei Elba","breadcrumb":{"@id":"https:\/\/www.talas.it\/de\/preisliste\/#breadcrumb"},"inLanguage":"de","potentialAction":[{"@type":"ReadAction","target":["https:\/\/www.talas.it\/de\/preisliste\/"]}]},{"@type":"BreadcrumbList","@id":"https:\/\/www.talas.it\/de\/preisliste\/#breadcrumb","itemListElement":[{"@type":"ListItem","position":1,"name":"Home","item":"https:\/\/www.talas.it\/de\/"},{"@type":"ListItem","position":2,"name":"Preisliste"}]},{"@type":"WebSite","@id":"https:\/\/www.talas.it\/#website","url":"https:\/\/www.talas.it\/","name":"Talas Diving Center - Isola d&#039;Elba - Elba Diving - Diving Elba - Immersioni Isola d&#039;Elba - Tauchschule Elba - Elba Tauchen - Corsi Sub Elba","description":"Un nuovo sito targato WordPress","potentialAction":[{"@type":"SearchAction","target":{"@type":"EntryPoint","urlTemplate":"https:\/\/www.talas.it\/?s={search_term_string}"},"query-input":{"@type":"PropertyValueSpecification","valueRequired":true,"valueName":"search_term_string"}}],"inLanguage":"de"}]}},"_links":{"self":[{"href":"https:\/\/www.talas.it\/de\/wp-json\/wp\/v2\/pages\/687"}],"collection":[{"href":"https:\/\/www.talas.it\/de\/wp-json\/wp\/v2\/pages"}],"about":[{"href":"https:\/\/www.talas.it\/de\/wp-json\/wp\/v2\/types\/page"}],"author":[{"embeddable":true,"href":"https:\/\/www.talas.it\/de\/wp-json\/wp\/v2\/users\/1"}],"replies":[{"embeddable":true,"href":"https:\/\/www.talas.it\/de\/wp-json\/wp\/v2\/comments?post=687"}],"version-history":[{"count":5,"href":"https:\/\/www.talas.it\/de\/wp-json\/wp\/v2\/pages\/687\/revisions"}],"predecessor-version":[{"id":1051,"href":"https:\/\/www.talas.it\/de\/wp-json\/wp\/v2\/pages\/687\/revisions\/1051"}],"wp:attachment":[{"href":"https:\/\/www.talas.it\/de\/wp-json\/wp\/v2\/media?parent=687"}],"curies":[{"name":"wp","href":"https:\/\/api.w.org\/{rel}","templated":true}]}}