{"id":679,"date":"2015-05-15T11:49:01","date_gmt":"2015-05-15T09:49:01","guid":{"rendered":"http:\/\/www.talas.it\/immersioni-pianosa-isola-delba-diving-center-talas\/"},"modified":"2019-04-08T15:28:56","modified_gmt":"2019-04-08T13:28:56","slug":"speziell-pianosa","status":"publish","type":"page","link":"https:\/\/www.talas.it\/de\/speziell-pianosa\/","title":{"rendered":"Speziell Pianosa"},"content":{"rendered":"<div class=\"wpb-content-wrapper\"><p>[vc_row][vc_column][vc_column_text]<strong><em>Speziell Tauchen in Pianosa. Erfahren Sie mit uns die unber\u00fchrten Sch\u00f6nheiten der Meeresb\u00f6den der Insel Pianosa<\/em><\/strong><\/p>\n<p>Wenn die Meeresb\u00f6den der Insel Elba Sie bewundert haben, werden Sie sich in diejenigen von Pianosa verlieben.<\/p>\n<p style=\"text-align: justify;\"><q class=\"text-small fadeIn animate-element shortcode-pullquote wf-cell align-right wf-1-2\">Pianosa kurz\u2026<br \/>\nDie Insel Pianosa befinden sich S\u00fcd-westlich der Insel Elba im Kanal zwischen der Insel Napoleone und Korsika. Pianosa ist die f\u00fcnftgr\u00f6\u00dfte Insel unter den sieben des toskanischen Archipels und geh\u00f6rt zum gleichnamigen Naturpark. Die Insel ist ber\u00fchmt f\u00fcr ihre \u201eflache\u201c Landschaft (daraus Ihr Name Pianosa) und denn sie war ein Hochsicherheitsgef\u00e4ngnis. Um die Insel gibt es n\u00e4mlich eine Begrenzung von einer Seemeile, wodurch Seefahren und Fischen verboten sind.\u00a0<b><\/b><\/q><\/p>\n<p>Eine Insel mit einem fast unber\u00fchrten marinen \u00d6kosystem, wo das Seefahren f\u00fcr mehr als zwanzig Jahre verboten blieb. Nach der Absperrung des Gef\u00e4ngnisses wurde ein mariner Park gebaut, der aus 4 Tauchpunkten besteht, die nur von Diving Center besuchbar ist, die von der Direktion des Nationalparks des toskanischen Archipels genehmigt sind.<\/p>\n<p>Dank der langen Verbotszeit blieben die Meeresb\u00f6den um die Insel fast komplett unber\u00fchrt f\u00fcr mehr als ein Viertel Jahrhundert. Hier ist der Grund, wieso ein extrem interessantes und bezauberndes \u00d6kosystem bewundert werden kann, reich an Farben und Meereswesen.<\/p>\n<p>Um diesen Unterwasserwunder nicht zu st\u00f6ren und das \u00d6kosystem unber\u00fchrt zu lassen wurden einfache aber effiziente Richtlinien geschaffen, die die Ausfl\u00fcgen innerhalb des marinen Parks begrenzen und die die Tauchen in Piano noch exklusiverer machen.[\/vc_column_text][\/vc_column][\/vc_row][vc_row][vc_column width=&#8220;1\/2&#8243;]<div id=\"ultimate-heading-414169f8b961ec6d3\" class=\"uvc-heading ult-adjust-bottom-margin ultimate-heading-414169f8b961ec6d3 uvc-2 \" data-hspacer=\"no_spacer\"  data-halign=\"right\" style=\"text-align:right\"><div class=\"uvc-heading-spacer no_spacer\" style=\"top\"><\/div><div class=\"uvc-main-heading ult-responsive\"  data-ultimate-target='.uvc-heading.ultimate-heading-414169f8b961ec6d3 h2'  data-responsive-json-new='{\"font-size\":\"desktop:18px;\",\"line-height\":\"desktop:24px;\"}' ><h2 style=\"font-weight:normal;margin-top:15px;\">Worauf warten Sie noch?<\/h2><\/div><div class=\"uvc-sub-heading ult-responsive\"  data-ultimate-target='.uvc-heading.ultimate-heading-414169f8b961ec6d3 .uvc-sub-heading '  data-responsive-json-new='{\"font-size\":\"desktop:15px;\",\"line-height\":\"desktop:18px;\"}'  style=\"font-weight:normal;margin-bottom:15px;\">Buchen Sie sofort Ihren n\u00e4chsten Ausflug in Pianosa.<br \/>\nF\u00fcllen Sie das Formular aus! <i class=\"fa icon-right-hand\"><\/i><\/div><\/div>[vc_column_text]<div class=\"shortcode-single-image-wrap alignnone fadeIn animate-element\" style=\"margin-top:10px; margin-bottom:10px; margin-left:0px; margin-right:0px; width:400px;\"><div class=\"shortcode-single-image\"><div class=\"fancy-media-wrap\"><img decoding=\"async\" src=\"https:\/\/www.talas.it\/wp-content\/uploads\/2015\/05\/immersioni-pianosa-elba-diving-center-talas-1x.jpg\" alt=\"\" \/><\/div><\/div><\/div>[\/vc_column_text][\/vc_column][vc_column width=&#8220;1\/2&#8243;]\n<div class=\"wpcf7 no-js\" id=\"wpcf7-f325-o1\" lang=\"it-IT\" dir=\"ltr\">\n<div class=\"screen-reader-response\"><p role=\"status\" aria-live=\"polite\" aria-atomic=\"true\"><\/p> <ul><\/ul><\/div>\n<form action=\"\/de\/wp-json\/wp\/v2\/pages\/679#wpcf7-f325-o1\" method=\"post\" class=\"wpcf7-form init\" aria-label=\"Modulo di contatto\" novalidate=\"novalidate\" data-status=\"init\">\n<div style=\"display: none;\">\n<input type=\"hidden\" name=\"_wpcf7\" value=\"325\" \/>\n<input type=\"hidden\" name=\"_wpcf7_version\" value=\"5.9.8\" \/>\n<input type=\"hidden\" name=\"_wpcf7_locale\" value=\"it_IT\" \/>\n<input type=\"hidden\" name=\"_wpcf7_unit_tag\" value=\"wpcf7-f325-o1\" \/>\n<input type=\"hidden\" name=\"_wpcf7_container_post\" value=\"0\" \/>\n<input type=\"hidden\" name=\"_wpcf7_posted_data_hash\" value=\"\" \/>\n<input type=\"hidden\" name=\"_wpcf7_recaptcha_response\" value=\"\" \/>\n<\/div>\n<p>Il tuo nome (richiesto)\n<\/p>\n<p><span class=\"wpcf7-form-control-wrap\" data-name=\"your-name\"><input size=\"40\" maxlength=\"400\" class=\"wpcf7-form-control wpcf7-text wpcf7-validates-as-required\" aria-required=\"true\" aria-invalid=\"false\" value=\"\" type=\"text\" name=\"your-name\" \/><\/span>\n<\/p>\n<p>La tua email (richiesto)\n<\/p>\n<p><span class=\"wpcf7-form-control-wrap\" data-name=\"your-email\"><input size=\"40\" maxlength=\"400\" class=\"wpcf7-form-control wpcf7-email wpcf7-validates-as-required wpcf7-text wpcf7-validates-as-email\" aria-required=\"true\" aria-invalid=\"false\" value=\"\" type=\"email\" name=\"your-email\" \/><\/span>\n<\/p>\n<p>Il tuo messaggio\n<\/p>\n<p><span class=\"wpcf7-form-control-wrap\" data-name=\"your-message\"><textarea cols=\"40\" rows=\"4\" maxlength=\"2000\" class=\"wpcf7-form-control wpcf7-textarea\" aria-invalid=\"false\" name=\"your-message\"><\/textarea><\/span>\n<\/p>\n<p>La informiamo che i dati da lei conferiti saranno trattati con mezzi informatici nel rispetto dei principi stabiliti dalla normativa vigente in materia di protezione di dati (Regolamento UE n. 679 del2016) al solo fine di effettuare la registrazione, fornirle le informazioni richieste ed confermare la prenotazione al soggiorno e\/o ai corsi Diving. L'informativa completa sulle modalit\u00e0 e le finalit\u00e0 dei trattamenti effettuati \u00e8 accessibile attraverso il seguente link: <a href=\"http:\/\/www.talas.it\/privacy-policy-diving\/\">www.talas.it\/privacy<\/a> *\n<\/p>\n<p><span class=\"wpcf7-form-control-wrap\" data-name=\"acceptance-267\"><span class=\"wpcf7-form-control wpcf7-acceptance\"><span class=\"wpcf7-list-item\"><input type=\"checkbox\" name=\"acceptance-267\" value=\"1\" aria-invalid=\"false\" \/><\/span><\/span><\/span> Acconsenti al trattamento dei dati secondo le condizioni espresse nella pagina d\u2019informativa sulla privacy *\n<\/p>\n<p><input class=\"wpcf7-form-control wpcf7-submit has-spinner\" type=\"submit\" value=\"Invia\" \/>\n<\/p><div class=\"wpcf7-response-output\" aria-hidden=\"true\"><\/div>\n<\/form>\n<\/div>\n[\/vc_column][\/vc_row]<\/p>\n<\/div>","protected":false},"excerpt":{"rendered":"<p>[vc_row][vc_column][vc_column_text]Speziell Tauchen in Pianosa. Erfahren Sie mit uns die unber\u00fchrten Sch\u00f6nheiten der Meeresb\u00f6den der Insel Pianosa Wenn die Meeresb\u00f6den der Insel Elba Sie bewundert haben, werden Sie sich in diejenigen von Pianosa verlieben. Eine Insel mit einem fast unber\u00fchrten marinen \u00d6kosystem, wo das Seefahren f\u00fcr mehr als zwanzig Jahre verboten blieb. Nach der Absperrung des&hellip;<\/p>\n","protected":false},"author":1,"featured_media":681,"parent":0,"menu_order":0,"comment_status":"closed","ping_status":"closed","template":"","meta":{"_acf_changed":false,"footnotes":""},"acf":[],"yoast_head":"<!-- This site is optimized with the Yoast SEO plugin v24.0 - https:\/\/yoast.com\/wordpress\/plugins\/seo\/ -->\n<title>Immersioni Pianosa - Elba - Diving - Center - Pianosa<\/title>\n<meta name=\"description\" content=\"Immersioni a Pianosa - Immersioni Pianosa by Talas - Diving - Elba - Diving - Center - Immersioni - Pianosa - Diving - in - Pianosa - Dive - Center Pianosa\" \/>\n<meta name=\"robots\" content=\"index, follow, max-snippet:-1, max-image-preview:large, max-video-preview:-1\" \/>\n<link rel=\"canonical\" href=\"https:\/\/www.talas.it\/de\/speziell-pianosa\/\" \/>\n<meta property=\"og:locale\" content=\"de_DE\" \/>\n<meta property=\"og:type\" content=\"article\" \/>\n<meta property=\"og:title\" content=\"Immersioni Pianosa - Elba - Diving - Center - Pianosa\" \/>\n<meta property=\"og:description\" content=\"Immersioni a Pianosa - Immersioni Pianosa by Talas - Diving - Elba - Diving - Center - Immersioni - Pianosa - Diving - in - Pianosa - Dive - Center Pianosa\" \/>\n<meta property=\"og:url\" content=\"https:\/\/www.talas.it\/de\/speziell-pianosa\/\" \/>\n<meta property=\"og:site_name\" content=\"Talas Diving Center - Isola d&#039;Elba - Elba Diving - Diving Elba - Immersioni Isola d&#039;Elba - Tauchschule Elba - Elba Tauchen - Corsi Sub Elba\" \/>\n<meta property=\"article:publisher\" content=\"http:\/\/www.facebook.com\/talasdivingcenter\" \/>\n<meta property=\"article:modified_time\" content=\"2019-04-08T13:28:56+00:00\" \/>\n<meta property=\"og:image\" content=\"https:\/\/www.talas.it\/wp-content\/uploads\/2015\/05\/diving-center-pianosa-immersioni-isola-d-elba-05.jpg\" \/>\n\t<meta property=\"og:image:width\" content=\"1280\" \/>\n\t<meta property=\"og:image:height\" content=\"467\" \/>\n\t<meta property=\"og:image:type\" content=\"image\/jpeg\" \/>\n<meta name=\"twitter:label1\" content=\"Gesch\u00e4tzte Lesezeit\" \/>\n\t<meta name=\"twitter:data1\" content=\"2\u00a0Minuten\" \/>\n<script type=\"application\/ld+json\" class=\"yoast-schema-graph\">{\"@context\":\"https:\/\/schema.org\",\"@graph\":[{\"@type\":\"WebPage\",\"@id\":\"https:\/\/www.talas.it\/de\/speziell-pianosa\/\",\"url\":\"https:\/\/www.talas.it\/de\/speziell-pianosa\/\",\"name\":\"Immersioni Pianosa - Elba - Diving - Center - Pianosa\",\"isPartOf\":{\"@id\":\"https:\/\/www.talas.it\/#website\"},\"primaryImageOfPage\":{\"@id\":\"https:\/\/www.talas.it\/de\/speziell-pianosa\/#primaryimage\"},\"image\":{\"@id\":\"https:\/\/www.talas.it\/de\/speziell-pianosa\/#primaryimage\"},\"thumbnailUrl\":\"https:\/\/www.talas.it\/wp-content\/uploads\/2015\/05\/diving-center-pianosa-immersioni-isola-d-elba-05.jpg\",\"datePublished\":\"2015-05-15T09:49:01+00:00\",\"dateModified\":\"2019-04-08T13:28:56+00:00\",\"description\":\"Immersioni a Pianosa - Immersioni Pianosa by Talas - Diving - Elba - Diving - Center - Immersioni - Pianosa - Diving - in - Pianosa - Dive - Center Pianosa\",\"breadcrumb\":{\"@id\":\"https:\/\/www.talas.it\/de\/speziell-pianosa\/#breadcrumb\"},\"inLanguage\":\"de\",\"potentialAction\":[{\"@type\":\"ReadAction\",\"target\":[\"https:\/\/www.talas.it\/de\/speziell-pianosa\/\"]}]},{\"@type\":\"ImageObject\",\"inLanguage\":\"de\",\"@id\":\"https:\/\/www.talas.it\/de\/speziell-pianosa\/#primaryimage\",\"url\":\"https:\/\/www.talas.it\/wp-content\/uploads\/2015\/05\/diving-center-pianosa-immersioni-isola-d-elba-05.jpg\",\"contentUrl\":\"https:\/\/www.talas.it\/wp-content\/uploads\/2015\/05\/diving-center-pianosa-immersioni-isola-d-elba-05.jpg\",\"width\":1280,\"height\":467},{\"@type\":\"BreadcrumbList\",\"@id\":\"https:\/\/www.talas.it\/de\/speziell-pianosa\/#breadcrumb\",\"itemListElement\":[{\"@type\":\"ListItem\",\"position\":1,\"name\":\"Home\",\"item\":\"https:\/\/www.talas.it\/de\/\"},{\"@type\":\"ListItem\",\"position\":2,\"name\":\"Speziell Pianosa\"}]},{\"@type\":\"WebSite\",\"@id\":\"https:\/\/www.talas.it\/#website\",\"url\":\"https:\/\/www.talas.it\/\",\"name\":\"Talas Diving Center - Isola d&#039;Elba - Elba Diving - Diving Elba - Immersioni Isola d&#039;Elba - Tauchschule Elba - Elba Tauchen - Corsi Sub Elba\",\"description\":\"Un nuovo sito targato WordPress\",\"potentialAction\":[{\"@type\":\"SearchAction\",\"target\":{\"@type\":\"EntryPoint\",\"urlTemplate\":\"https:\/\/www.talas.it\/?s={search_term_string}\"},\"query-input\":{\"@type\":\"PropertyValueSpecification\",\"valueRequired\":true,\"valueName\":\"search_term_string\"}}],\"inLanguage\":\"de\"}]}<\/script>\n<!-- \/ Yoast SEO plugin. -->","yoast_head_json":{"title":"Immersioni Pianosa - Elba - Diving - Center - Pianosa","description":"Immersioni a Pianosa - Immersioni Pianosa by Talas - Diving - Elba - Diving - Center - Immersioni - Pianosa - Diving - in - Pianosa - Dive - Center Pianosa","robots":{"index":"index","follow":"follow","max-snippet":"max-snippet:-1","max-image-preview":"max-image-preview:large","max-video-preview":"max-video-preview:-1"},"canonical":"https:\/\/www.talas.it\/de\/speziell-pianosa\/","og_locale":"de_DE","og_type":"article","og_title":"Immersioni Pianosa - Elba - Diving - Center - Pianosa","og_description":"Immersioni a Pianosa - Immersioni Pianosa by Talas - Diving - Elba - Diving - Center - Immersioni - Pianosa - Diving - in - Pianosa - Dive - Center Pianosa","og_url":"https:\/\/www.talas.it\/de\/speziell-pianosa\/","og_site_name":"Talas Diving Center - Isola d&#039;Elba - Elba Diving - Diving Elba - Immersioni Isola d&#039;Elba - Tauchschule Elba - Elba Tauchen - Corsi Sub Elba","article_publisher":"http:\/\/www.facebook.com\/talasdivingcenter","article_modified_time":"2019-04-08T13:28:56+00:00","og_image":[{"width":1280,"height":467,"url":"https:\/\/www.talas.it\/wp-content\/uploads\/2015\/05\/diving-center-pianosa-immersioni-isola-d-elba-05.jpg","type":"image\/jpeg"}],"twitter_misc":{"Gesch\u00e4tzte Lesezeit":"2\u00a0Minuten"},"schema":{"@context":"https:\/\/schema.org","@graph":[{"@type":"WebPage","@id":"https:\/\/www.talas.it\/de\/speziell-pianosa\/","url":"https:\/\/www.talas.it\/de\/speziell-pianosa\/","name":"Immersioni Pianosa - Elba - Diving - Center - Pianosa","isPartOf":{"@id":"https:\/\/www.talas.it\/#website"},"primaryImageOfPage":{"@id":"https:\/\/www.talas.it\/de\/speziell-pianosa\/#primaryimage"},"image":{"@id":"https:\/\/www.talas.it\/de\/speziell-pianosa\/#primaryimage"},"thumbnailUrl":"https:\/\/www.talas.it\/wp-content\/uploads\/2015\/05\/diving-center-pianosa-immersioni-isola-d-elba-05.jpg","datePublished":"2015-05-15T09:49:01+00:00","dateModified":"2019-04-08T13:28:56+00:00","description":"Immersioni a Pianosa - Immersioni Pianosa by Talas - Diving - Elba - Diving - Center - Immersioni - Pianosa - Diving - in - Pianosa - Dive - Center Pianosa","breadcrumb":{"@id":"https:\/\/www.talas.it\/de\/speziell-pianosa\/#breadcrumb"},"inLanguage":"de","potentialAction":[{"@type":"ReadAction","target":["https:\/\/www.talas.it\/de\/speziell-pianosa\/"]}]},{"@type":"ImageObject","inLanguage":"de","@id":"https:\/\/www.talas.it\/de\/speziell-pianosa\/#primaryimage","url":"https:\/\/www.talas.it\/wp-content\/uploads\/2015\/05\/diving-center-pianosa-immersioni-isola-d-elba-05.jpg","contentUrl":"https:\/\/www.talas.it\/wp-content\/uploads\/2015\/05\/diving-center-pianosa-immersioni-isola-d-elba-05.jpg","width":1280,"height":467},{"@type":"BreadcrumbList","@id":"https:\/\/www.talas.it\/de\/speziell-pianosa\/#breadcrumb","itemListElement":[{"@type":"ListItem","position":1,"name":"Home","item":"https:\/\/www.talas.it\/de\/"},{"@type":"ListItem","position":2,"name":"Speziell Pianosa"}]},{"@type":"WebSite","@id":"https:\/\/www.talas.it\/#website","url":"https:\/\/www.talas.it\/","name":"Talas Diving Center - Isola d&#039;Elba - Elba Diving - Diving Elba - Immersioni Isola d&#039;Elba - Tauchschule Elba - Elba Tauchen - Corsi Sub Elba","description":"Un nuovo sito targato WordPress","potentialAction":[{"@type":"SearchAction","target":{"@type":"EntryPoint","urlTemplate":"https:\/\/www.talas.it\/?s={search_term_string}"},"query-input":{"@type":"PropertyValueSpecification","valueRequired":true,"valueName":"search_term_string"}}],"inLanguage":"de"}]}},"_links":{"self":[{"href":"https:\/\/www.talas.it\/de\/wp-json\/wp\/v2\/pages\/679"}],"collection":[{"href":"https:\/\/www.talas.it\/de\/wp-json\/wp\/v2\/pages"}],"about":[{"href":"https:\/\/www.talas.it\/de\/wp-json\/wp\/v2\/types\/page"}],"author":[{"embeddable":true,"href":"https:\/\/www.talas.it\/de\/wp-json\/wp\/v2\/users\/1"}],"replies":[{"embeddable":true,"href":"https:\/\/www.talas.it\/de\/wp-json\/wp\/v2\/comments?post=679"}],"version-history":[{"count":5,"href":"https:\/\/www.talas.it\/de\/wp-json\/wp\/v2\/pages\/679\/revisions"}],"predecessor-version":[{"id":754,"href":"https:\/\/www.talas.it\/de\/wp-json\/wp\/v2\/pages\/679\/revisions\/754"}],"wp:featuredmedia":[{"embeddable":true,"href":"https:\/\/www.talas.it\/de\/wp-json\/wp\/v2\/media\/681"}],"wp:attachment":[{"href":"https:\/\/www.talas.it\/de\/wp-json\/wp\/v2\/media?parent=679"}],"curies":[{"name":"wp","href":"https:\/\/api.w.org\/{rel}","templated":true}]}}