{"id":675,"date":"2015-05-20T12:26:29","date_gmt":"2015-05-20T10:26:29","guid":{"rendered":"http:\/\/www.talas.it\/immersioni-elba\/"},"modified":"2023-07-26T12:43:22","modified_gmt":"2023-07-26T10:43:22","slug":"tauchen-elba","status":"publish","type":"page","link":"https:\/\/www.talas.it\/de\/tauchen-elba\/","title":{"rendered":"Tauchen Elba"},"content":{"rendered":"<div class=\"wpb-content-wrapper\"><p>[vc_row][vc_column][vc_column_text]<\/p>\n<p style=\"text-align: justify;\"><div class=\"shortcode-single-image-wrap alignleft fadeInRightBig animate-element\" style=\"margin-top:10px; margin-bottom:10px; margin-left:0px; margin-right:10px; width:280px;\"><div class=\"shortcode-single-image\"><div class=\"fancy-media-wrap\"><img decoding=\"async\" src=\"https:\/\/www.talas.it\/wp-content\/uploads\/2015\/05\/immersioni-elba-larry-franata-1x.jpg\" alt=\"\" \/><\/div><\/div><\/div>\n<p style=\"text-align: justify;\">Kommen Sie und entdecken Sie die Meeresb\u00f6den der Insel Elba. Seit mehr als zwanzig Jahren bietet Talas Diving Center die M\u00f6glichkeit an, sich in voller Sicherheit und Vergn\u00fcgung in den interessantesten Tauchpunkten zu tauchen. Die Tauchen auf der Insel Elba, wie Sie noch nicht gesehen haben. Mit \u00fcber 140 km K\u00fcsten und mehr als 40 Tauchpunkten bietet Elba ein einzigartiger Anblick, reich an Leben und Farben.<\/p>\n<div class=\"shortcode-single-image-wrap alignright fadeIn animate-element\" style=\"margin-top:10px; margin-bottom:10px; margin-left:10px; margin-right:0px; width:320px;\"><div class=\"shortcode-single-image\"><div class=\"fancy-media-wrap\"><img decoding=\"async\" src=\"https:\/\/www.talas.it\/wp-content\/uploads\/2015\/05\/immersioni-elba-diving-center-elba-diving-in-elba-talas-granceola-1x.jpg\" alt=\"\" \/><\/div><\/div><\/div>\n<p style=\"text-align: justify;\">Unser Tauchzentrum gibt Ihnen die M\u00f6glichkeit, die sch\u00f6nsten Punkte der s\u00fcdlichen K\u00fcste der Insel Elba zu erreichen. Von der Bucht von Marina di Campo bis nach Porto Azzurro, begleitet Talas Diving Center Sie zu den Tauchpunkten von 8\/8.30 Uhr morgens vom Strand <a href=\"http:\/\/www.talas.it\/de\/kontakte\/\">Lido di Capoliveri<\/a>. Dabei wird im Unterschlupf von Wind und Wellen vert\u00e4utet. Nach dem Briefing vor dem Tauchen legt man los!<\/p>\n<p style=\"text-align: justify;\">Nach dem ersten Eintauchen gegen ca. 10.30 Uhr kann man sich ungef\u00e4hr f\u00fcr eine Stunde entspannen, bis man die Zeit hat, die Flaschen wieder aufzuladen und etwas Stickstoff zu dekomprimieren &#x1f642;<\/p>\n<p style=\"text-align: justify;\">An Bord finden Sie w\u00e4hrend der Pause warmen Tee und Bruschette f\u00fcr einen kleinen Snack zwischen dem einen und anderen Tauchen. Gegen 11.30 Uhr kommt noch ein Tauchen. F\u00fcr diejenigen, die die sommerliche Sonne genie\u00dfen m\u00f6chten, kann das gro\u00dfe Sundeck am Bug des bequemen Boots May-Be verwendet werden.<\/p>\n<p style=\"text-align: justify;\">Nach dem zweiten Tauchen wird das Mittagessen an Bord angeboten, das sich bei der R\u00fcckfahrt zum Strand von Lido di Capoliveri genie\u00dfen k\u00f6nnen.<\/p>\n<p style=\"text-align: justify;\">Hier unten k\u00f6nnen Sie eine Karte mit den interessantesten Tauchen nachschlagen.<\/p>\n<p>[\/vc_column_text][\/vc_column][\/vc_row]<\/p>\n<\/div>","protected":false},"excerpt":{"rendered":"<p>[vc_row][vc_column][vc_column_text] Kommen Sie und entdecken Sie die Meeresb\u00f6den der Insel Elba. Seit mehr als zwanzig Jahren bietet Talas Diving Center die M\u00f6glichkeit an, sich in voller Sicherheit und Vergn\u00fcgung in den interessantesten Tauchpunkten zu tauchen. Die Tauchen auf der Insel Elba, wie Sie noch nicht gesehen haben. Mit \u00fcber 140 km K\u00fcsten und mehr als&hellip;<\/p>\n","protected":false},"author":1,"featured_media":0,"parent":0,"menu_order":0,"comment_status":"closed","ping_status":"closed","template":"","meta":{"_acf_changed":false,"footnotes":""},"acf":[],"yoast_head":"<!-- This site is optimized with the Yoast SEO plugin v24.0 - https:\/\/yoast.com\/wordpress\/plugins\/seo\/ -->\n<title>Immersioni - Elba - Talas Diving Center - Elba - Diving - Center<\/title>\n<meta name=\"description\" content=\"Immersioni Isola d&#039;Elba - Elba Divespots - Immersioni Elba - Diving Center - Elba- Diving - in - Elba\" \/>\n<meta name=\"robots\" content=\"index, follow, max-snippet:-1, max-image-preview:large, max-video-preview:-1\" \/>\n<link rel=\"canonical\" href=\"https:\/\/www.talas.it\/de\/tauchen-elba\/\" \/>\n<meta property=\"og:locale\" content=\"de_DE\" \/>\n<meta property=\"og:type\" content=\"article\" \/>\n<meta property=\"og:title\" content=\"Immersioni - Elba - Talas Diving Center - Elba - Diving - Center\" \/>\n<meta property=\"og:description\" content=\"Immersioni Isola d&#039;Elba - Elba Divespots - Immersioni Elba - Diving Center - Elba- Diving - in - Elba\" \/>\n<meta property=\"og:url\" content=\"https:\/\/www.talas.it\/de\/tauchen-elba\/\" \/>\n<meta property=\"og:site_name\" content=\"Talas Diving Center - Isola d&#039;Elba - Elba Diving - Diving Elba - Immersioni Isola d&#039;Elba - Tauchschule Elba - Elba Tauchen - Corsi Sub Elba\" \/>\n<meta property=\"article:publisher\" content=\"http:\/\/www.facebook.com\/talasdivingcenter\" \/>\n<meta property=\"article:modified_time\" content=\"2023-07-26T10:43:22+00:00\" \/>\n<meta property=\"og:image\" content=\"https:\/\/www.talas.it\/wp-content\/uploads\/2015\/05\/immersioni-isola-d-elba-logo-pp@2x.png\" \/>\n\t<meta property=\"og:image:width\" content=\"104\" \/>\n\t<meta property=\"og:image:height\" content=\"77\" \/>\n\t<meta property=\"og:image:type\" content=\"image\/png\" \/>\n<meta name=\"twitter:label1\" content=\"Gesch\u00e4tzte Lesezeit\" \/>\n\t<meta name=\"twitter:data1\" content=\"2\u00a0Minuten\" \/>\n<script type=\"application\/ld+json\" class=\"yoast-schema-graph\">{\"@context\":\"https:\/\/schema.org\",\"@graph\":[{\"@type\":\"WebPage\",\"@id\":\"https:\/\/www.talas.it\/de\/tauchen-elba\/\",\"url\":\"https:\/\/www.talas.it\/de\/tauchen-elba\/\",\"name\":\"Immersioni - Elba - Talas Diving Center - Elba - Diving - Center\",\"isPartOf\":{\"@id\":\"https:\/\/www.talas.it\/#website\"},\"datePublished\":\"2015-05-20T10:26:29+00:00\",\"dateModified\":\"2023-07-26T10:43:22+00:00\",\"description\":\"Immersioni Isola d'Elba - Elba Divespots - Immersioni Elba - Diving Center - Elba- Diving - in - Elba\",\"breadcrumb\":{\"@id\":\"https:\/\/www.talas.it\/de\/tauchen-elba\/#breadcrumb\"},\"inLanguage\":\"de\",\"potentialAction\":[{\"@type\":\"ReadAction\",\"target\":[\"https:\/\/www.talas.it\/de\/tauchen-elba\/\"]}]},{\"@type\":\"BreadcrumbList\",\"@id\":\"https:\/\/www.talas.it\/de\/tauchen-elba\/#breadcrumb\",\"itemListElement\":[{\"@type\":\"ListItem\",\"position\":1,\"name\":\"Home\",\"item\":\"https:\/\/www.talas.it\/de\/\"},{\"@type\":\"ListItem\",\"position\":2,\"name\":\"Tauchen Elba\"}]},{\"@type\":\"WebSite\",\"@id\":\"https:\/\/www.talas.it\/#website\",\"url\":\"https:\/\/www.talas.it\/\",\"name\":\"Talas Diving Center - Isola d&#039;Elba - Elba Diving - Diving Elba - Immersioni Isola d&#039;Elba - Tauchschule Elba - Elba Tauchen - Corsi Sub Elba\",\"description\":\"Un nuovo sito targato WordPress\",\"potentialAction\":[{\"@type\":\"SearchAction\",\"target\":{\"@type\":\"EntryPoint\",\"urlTemplate\":\"https:\/\/www.talas.it\/?s={search_term_string}\"},\"query-input\":{\"@type\":\"PropertyValueSpecification\",\"valueRequired\":true,\"valueName\":\"search_term_string\"}}],\"inLanguage\":\"de\"}]}<\/script>\n<!-- \/ Yoast SEO plugin. -->","yoast_head_json":{"title":"Immersioni - Elba - Talas Diving Center - Elba - Diving - Center","description":"Immersioni Isola d'Elba - Elba Divespots - Immersioni Elba - Diving Center - Elba- Diving - in - Elba","robots":{"index":"index","follow":"follow","max-snippet":"max-snippet:-1","max-image-preview":"max-image-preview:large","max-video-preview":"max-video-preview:-1"},"canonical":"https:\/\/www.talas.it\/de\/tauchen-elba\/","og_locale":"de_DE","og_type":"article","og_title":"Immersioni - Elba - Talas Diving Center - Elba - Diving - Center","og_description":"Immersioni Isola d'Elba - Elba Divespots - Immersioni Elba - Diving Center - Elba- Diving - in - Elba","og_url":"https:\/\/www.talas.it\/de\/tauchen-elba\/","og_site_name":"Talas Diving Center - Isola d&#039;Elba - Elba Diving - Diving Elba - Immersioni Isola d&#039;Elba - Tauchschule Elba - Elba Tauchen - Corsi Sub Elba","article_publisher":"http:\/\/www.facebook.com\/talasdivingcenter","article_modified_time":"2023-07-26T10:43:22+00:00","og_image":[{"width":104,"height":77,"url":"https:\/\/www.talas.it\/wp-content\/uploads\/2015\/05\/immersioni-isola-d-elba-logo-pp@2x.png","type":"image\/png"}],"twitter_misc":{"Gesch\u00e4tzte Lesezeit":"2\u00a0Minuten"},"schema":{"@context":"https:\/\/schema.org","@graph":[{"@type":"WebPage","@id":"https:\/\/www.talas.it\/de\/tauchen-elba\/","url":"https:\/\/www.talas.it\/de\/tauchen-elba\/","name":"Immersioni - Elba - Talas Diving Center - Elba - Diving - Center","isPartOf":{"@id":"https:\/\/www.talas.it\/#website"},"datePublished":"2015-05-20T10:26:29+00:00","dateModified":"2023-07-26T10:43:22+00:00","description":"Immersioni Isola d'Elba - Elba Divespots - Immersioni Elba - Diving Center - Elba- Diving - in - Elba","breadcrumb":{"@id":"https:\/\/www.talas.it\/de\/tauchen-elba\/#breadcrumb"},"inLanguage":"de","potentialAction":[{"@type":"ReadAction","target":["https:\/\/www.talas.it\/de\/tauchen-elba\/"]}]},{"@type":"BreadcrumbList","@id":"https:\/\/www.talas.it\/de\/tauchen-elba\/#breadcrumb","itemListElement":[{"@type":"ListItem","position":1,"name":"Home","item":"https:\/\/www.talas.it\/de\/"},{"@type":"ListItem","position":2,"name":"Tauchen Elba"}]},{"@type":"WebSite","@id":"https:\/\/www.talas.it\/#website","url":"https:\/\/www.talas.it\/","name":"Talas Diving Center - Isola d&#039;Elba - Elba Diving - Diving Elba - Immersioni Isola d&#039;Elba - Tauchschule Elba - Elba Tauchen - Corsi Sub Elba","description":"Un nuovo sito targato WordPress","potentialAction":[{"@type":"SearchAction","target":{"@type":"EntryPoint","urlTemplate":"https:\/\/www.talas.it\/?s={search_term_string}"},"query-input":{"@type":"PropertyValueSpecification","valueRequired":true,"valueName":"search_term_string"}}],"inLanguage":"de"}]}},"_links":{"self":[{"href":"https:\/\/www.talas.it\/de\/wp-json\/wp\/v2\/pages\/675"}],"collection":[{"href":"https:\/\/www.talas.it\/de\/wp-json\/wp\/v2\/pages"}],"about":[{"href":"https:\/\/www.talas.it\/de\/wp-json\/wp\/v2\/types\/page"}],"author":[{"embeddable":true,"href":"https:\/\/www.talas.it\/de\/wp-json\/wp\/v2\/users\/1"}],"replies":[{"embeddable":true,"href":"https:\/\/www.talas.it\/de\/wp-json\/wp\/v2\/comments?post=675"}],"version-history":[{"count":4,"href":"https:\/\/www.talas.it\/de\/wp-json\/wp\/v2\/pages\/675\/revisions"}],"predecessor-version":[{"id":973,"href":"https:\/\/www.talas.it\/de\/wp-json\/wp\/v2\/pages\/675\/revisions\/973"}],"wp:attachment":[{"href":"https:\/\/www.talas.it\/de\/wp-json\/wp\/v2\/media?parent=675"}],"curies":[{"name":"wp","href":"https:\/\/api.w.org\/{rel}","templated":true}]}}