{"id":665,"date":"2015-05-11T15:47:23","date_gmt":"2015-05-11T13:47:23","guid":{"rendered":"http:\/\/www.talas.it\/contatti\/"},"modified":"2022-07-06T11:52:08","modified_gmt":"2022-07-06T09:52:08","slug":"kontakte","status":"publish","type":"page","link":"https:\/\/www.talas.it\/de\/kontakte\/","title":{"rendered":"Kontakte"},"content":{"rendered":"<div class=\"wpb-content-wrapper\"><p>[vc_row][vc_column offset=&#8220;vc_hidden-lg vc_hidden-md vc_hidden-sm vc_hidden-xs&#8220;][vc_column_text]<style type=\"text\/css\">\r\n\t.mpfy-tooltip.mpfy-tooltip-map-26,\r\n\t.mpfy-tooltip.mpfy-tooltip-map-26 p,\r\n\t.mpfy-tooltip.mpfy-tooltip-map-26 p strong,\r\n\t.mpfy-tooltip.mpfy-tooltip-map-26 .mpfy-tooptip-actions a { color: ; }\r\n<\/style>\r\n<div id=\"mpfy-map-0\" class=\"mpfy-container mpfy-map-id-26\" data-proprietary=\"[]\">\r\n\t\r\n\t\t<div class=\"mpfy-controls-wrap\">\r\n\t\t\t<div class=\"mpfy-controls mpfy-hidden mpfy-without-search mpfy-without-dropdown\">\r\n\t\t\t\t<form class=\"mpfy-search-form\" method=\"post\" action=\"\" style=\"display: none;\">\r\n\t\t\t\t\t<div class=\"mpfy-search-wrap\">\r\n\t\t\t\t\t\t<div class=\"mpfy-search-field\">\r\n\t\t\t\t\t\t\t<input type=\"text\" name=\"mpfy_search_query\" class=\"mpfy-search-input\" value=\"\" placeholder=\"Search city or zip code\" \/>\r\n\t\t\t\t\t\t\t<a href=\"#\" class=\"mpfy-search-clear\">&nbsp;<\/a>\r\n\t\t\t\t\t\t<\/div>\r\n\t\t\t\t\t\t\t\t\t\t\t\t<input type=\"submit\" name=\"\" value=\"Search\" class=\"mpfy-search-button\" \/>\r\n\t\t\t\t\t<\/div>\r\n\t\t\t\t<\/form>\r\n\r\n\t\t\t\t<div class=\"mpfy-filter mpfy-selecter-wrap\" style=\"display: none;\">\r\n\t\t\t\t\t<select name=\"mpfy_tag\" class=\"mpfy-tag-select\">\r\n\t\t\t\t\t\t<option value=\"0\">Default View<\/option>\r\n\t\t\t\t\t\t\t\t\t\t\t<\/select>\r\n\t\t\t\t<\/div>\r\n\t\t\t<\/div>\r\n\r\n\t\t<\/div>\r\n\r\n\t\t<div class=\"mpfy-map-canvas-shell-outer mpfy-mode-map \">\r\n\t\t\t<div style=\"display: none;\">\r\n\t\t\t\t\r\n\t\t\t<\/div>\r\n\r\n\t\t\t<div class=\"mpfy-map-canvas-shell\">\r\n\t\t\t\t<div id=\"mpfy-canvas-0\" class=\"mpfy-map-canvas\" style=\"overflow: hidden; height: 300px\"><\/div>\r\n\r\n\t\t\t\t<div class=\"mpfy-map-controls\">\r\n\t\t\t\t\t\r\n\t\t\t\t\t\t\t\t\t\t\t<div class=\"mpfy-zoom\">\r\n\t\t\t\t\t\t\t<a href=\"#\" class=\"mpfy-zoom-in\"><\/a>\r\n\t\t\t\t\t\t\t<a href=\"#\" class=\"mpfy-zoom-out\"><\/a>\r\n\t\t\t\t\t\t<\/div><!-- \/.mpfy-zoom -->\r\n\t\t\t\t\t\t\t\t\t<\/div><!-- \/.mpfy-map-controls -->\r\n\t\t\t<\/div>\r\n\r\n\t\t\t\t\t<\/div>\r\n\t<\/div>\r\n[\/vc_column_text]<div class=\"ult-spacer spacer-69f8b8e794573\" data-id=\"69f8b8e794573\" data-height=\"18\" data-height-mobile=\"18\" data-height-tab=\"18\" data-height-tab-portrait=\"\" data-height-mobile-landscape=\"\" style=\"clear:both;display:block;\"><\/div>[\/vc_column][\/vc_row][vc_row][vc_column width=&#8220;1\/4&#8243;]<div class=\"aio-icon-component    style_1\"><div id=\"Info-box-wrap-5038\" class=\"aio-icon-box left-icon\" style=\"\"  ><div class=\"aio-icon-left\"><div class=\"ult-just-icon-wrapper  \"><div class=\"align-icon\" style=\"text-align:center;\">\n<div class=\"aio-icon circle \" data-animation=\"swing\" data-animation-delay=\"03\" style=\"color:#f7f7f7;background:#ed534e;font-size:32px;display:inline-block;\">\n\t<i class=\"Defaults-map-marker\"><\/i>\n<\/div><\/div><\/div><\/div><div class=\"aio-ibd-block\"><div class=\"aio-icon-header\" ><h3 class=\"aio-icon-title ult-responsive\"  data-ultimate-target='#Info-box-wrap-5038 .aio-icon-title'  data-responsive-json-new='{\"font-size\":\"\",\"line-height\":\"\"}'  style=\"\">Talas Diving Center<\/h3><\/div> <!-- header --><div class=\"aio-icon-description ult-responsive\"  data-ultimate-target='#Info-box-wrap-5038 .aio-icon-description'  data-responsive-json-new='{\"font-size\":\"\",\"line-height\":\"\"}'  style=\"\">Loc. Lido 8<br \/>\n57031 Capoliveri<br \/>\n(LI) Italy<\/div> <!-- description --><\/div> <!-- aio-ibd-block --><\/div> <!-- aio-icon-box --><\/div> <!-- aio-icon-component --><div class=\"aio-icon-component    style_1\"><div id=\"Info-box-wrap-6125\" class=\"aio-icon-box left-icon\" style=\"\"  ><div class=\"aio-icon-left\"><div class=\"ult-just-icon-wrapper  \"><div class=\"align-icon\" style=\"text-align:center;\">\n<div class=\"aio-icon circle \"  style=\"color:#f7f7f7;background:#29b25d;font-size:32px;display:inline-block;\">\n\t<i class=\"Defaults-mobile\"><\/i>\n<\/div><\/div><\/div><\/div><div class=\"aio-ibd-block\"><div class=\"aio-icon-header\" ><h3 class=\"aio-icon-title ult-responsive\"  data-ultimate-target='#Info-box-wrap-6125 .aio-icon-title'  data-responsive-json-new='{\"font-size\":\"\",\"line-height\":\"\"}'  style=\"\">Rufen Sie uns an<\/h3><\/div> <!-- header --><div class=\"aio-icon-description ult-responsive\"  data-ultimate-target='#Info-box-wrap-6125 .aio-icon-description'  data-responsive-json-new='{\"font-size\":\"\",\"line-height\":\"\"}'  style=\"\">Carlo<br \/>\n+39 335 8022027<\/p>\n<p>Monica<br \/>\n+39 320 4664579<\/div> <!-- description --><\/div> <!-- aio-ibd-block --><\/div> <!-- aio-icon-box --><\/div> <!-- aio-icon-component -->[\/vc_column][vc_column width=&#8220;1\/4&#8243;]<div class=\"aio-icon-component    style_2\"><a class=\"aio-icon-box-link\" href=\"http:\/\/www.facebook.com\/talasdivingcenter\" target=\"_blank\"><div id=\"Info-box-wrap-3411\" class=\"aio-icon-box left-icon\" style=\"\"  ><div class=\"aio-icon-left\"><div class=\"ult-just-icon-wrapper  \"><div class=\"align-icon\" style=\"text-align:center;\">\n<div class=\"aio-icon circle \" data-animation=\"swing\" data-animation-delay=\"03\" style=\"color:#f7f7f7;background:#1e73be;font-size:32px;display:inline-block;\">\n\t<i class=\"Defaults-facebook\"><\/i>\n<\/div><\/div><\/div><\/div><div class=\"aio-ibd-block\"><div class=\"aio-icon-header\" ><h3 class=\"aio-icon-title ult-responsive\"  data-ultimate-target='#Info-box-wrap-3411 .aio-icon-title'  data-responsive-json-new='{\"font-size\":\"\",\"line-height\":\"\"}'  style=\"\">Folgen Sie uns auf Facebook<\/h3><\/div> <!-- header --><\/div> <!-- aio-ibd-block --><\/div> <!-- aio-icon-box --><\/a><\/div> <!-- aio-icon-component --><div class=\"aio-icon-component    style_1\"><a class=\"aio-icon-box-link\" href=\"skype:talasdiving?chat\" ><div id=\"Info-box-wrap-5438\" class=\"aio-icon-box default-icon\" style=\"\"  ><div class=\"aio-icon-default\"><div class=\"ult-just-icon-wrapper  \"><div class=\"align-icon\" style=\"text-align:center;\">\n<div class=\"aio-icon circle \" data-animation=\"swing\" data-animation-delay=\"03\" style=\"color:#f7f7f7;background:#24b0e2;font-size:32px;display:inline-block;\">\n\t<i class=\"Defaults-skype\"><\/i>\n<\/div><\/div><\/div><\/div><div class=\"aio-icon-header\" ><h3 class=\"aio-icon-title ult-responsive\"  data-ultimate-target='#Info-box-wrap-5438 .aio-icon-title'  data-responsive-json-new='{\"font-size\":\"\",\"line-height\":\"\"}'  style=\"\">Talas on Skype<\/h3><\/div> <!-- header --><\/div> <!-- aio-icon-box --><\/a><\/div> <!-- aio-icon-component -->[\/vc_column][vc_column width=&#8220;1\/2&#8243;]<div class=\"aio-icon-component    style_2\"><a class=\"aio-icon-box-link\" href=\"mailto:carlo@subacquea.com\" ><div id=\"Info-box-wrap-2694\" class=\"aio-icon-box left-icon\" style=\"\"  ><div class=\"aio-icon-left\"><div class=\"ult-just-icon-wrapper  \"><div class=\"align-icon\" style=\"text-align:center;\">\n<div class=\"aio-icon circle \" data-animation=\"swing\" data-animation-delay=\"03\" style=\"color:#f7f7f7;background:#f2c935;font-size:32px;display:inline-block;\">\n\t<i class=\"Defaults-envelope\"><\/i>\n<\/div><\/div><\/div><\/div><div class=\"aio-ibd-block\"><div class=\"aio-icon-header\" ><h3 class=\"aio-icon-title ult-responsive\"  data-ultimate-target='#Info-box-wrap-2694 .aio-icon-title'  data-responsive-json-new='{\"font-size\":\"\",\"line-height\":\"\"}'  style=\"\">Schreiben Sie uns eine Email oder f\u00fcllen Sie das folgende Formular aus:<\/h3><\/div> <!-- header --><\/div> <!-- aio-ibd-block --><\/div> <!-- aio-icon-box --><\/a><\/div> <!-- aio-icon-component -->\n<div class=\"wpcf7 no-js\" id=\"wpcf7-f538-o1\" lang=\"it-IT\" dir=\"ltr\">\n<div class=\"screen-reader-response\"><p role=\"status\" aria-live=\"polite\" aria-atomic=\"true\"><\/p> <ul><\/ul><\/div>\n<form action=\"\/de\/wp-json\/wp\/v2\/pages\/665#wpcf7-f538-o1\" method=\"post\" class=\"wpcf7-form init\" aria-label=\"Modulo di contatto\" novalidate=\"novalidate\" data-status=\"init\">\n<div style=\"display: none;\">\n<input type=\"hidden\" name=\"_wpcf7\" value=\"538\" \/>\n<input type=\"hidden\" name=\"_wpcf7_version\" value=\"5.9.8\" \/>\n<input type=\"hidden\" name=\"_wpcf7_locale\" value=\"it_IT\" \/>\n<input type=\"hidden\" name=\"_wpcf7_unit_tag\" value=\"wpcf7-f538-o1\" \/>\n<input type=\"hidden\" name=\"_wpcf7_container_post\" value=\"0\" \/>\n<input type=\"hidden\" name=\"_wpcf7_posted_data_hash\" value=\"\" \/>\n<input type=\"hidden\" name=\"_wpcf7_recaptcha_response\" value=\"\" \/>\n<\/div>\n<p>Dein Name (erforderlich)\n<\/p>\n<p><span class=\"wpcf7-form-control-wrap\" data-name=\"your-name\"><input size=\"40\" maxlength=\"400\" class=\"wpcf7-form-control wpcf7-text wpcf7-validates-as-required\" aria-required=\"true\" aria-invalid=\"false\" value=\"\" type=\"text\" name=\"your-name\" \/><\/span>\n<\/p>\n<p>Email adresse (erforderlich)\n<\/p>\n<p><span class=\"wpcf7-form-control-wrap\" data-name=\"your-email\"><input size=\"40\" maxlength=\"400\" class=\"wpcf7-form-control wpcf7-email wpcf7-validates-as-required wpcf7-text wpcf7-validates-as-email\" aria-required=\"true\" aria-invalid=\"false\" value=\"\" type=\"email\" name=\"your-email\" \/><\/span>\n<\/p>\n<p>Objekt\n<\/p>\n<p><span class=\"wpcf7-form-control-wrap\" data-name=\"menu-167\"><select class=\"wpcf7-form-control wpcf7-select\" aria-invalid=\"false\" name=\"menu-167\"><option value=\"Tauchen\">Tauchen<\/option><option value=\"Kurse\">Kurse<\/option><option value=\"Ferienhaus\">Ferienhaus<\/option><option value=\"sonst...\">sonst...<\/option><\/select><\/span>\n<\/p>\n<p>Deine Nachricht\n<\/p>\n<p><span class=\"wpcf7-form-control-wrap\" data-name=\"your-message\"><textarea cols=\"40\" rows=\"10\" maxlength=\"2000\" class=\"wpcf7-form-control wpcf7-textarea\" aria-invalid=\"false\" name=\"your-message\"><\/textarea><\/span>\n<\/p>\n<p>Wir informieren Sie, dass Ihre Daten mit elektronischen Mitteln in \u00dcbereinstimmung mit den Bestimmungen gem\u00e4\u00df der geltenden Datenschutz-Grundverordnung (EU-Verordnung Nr. 679 von 2016), mit dem einzigen Zweck, die Registrierung auszuf\u00fchren, alle erforderten Informationen zu erteilen und die Buchung des Aufenthalts und\/oder der Tauchkurse zu best\u00e4tigen. Das vollst\u00e4ndige Informationsschreiben zu den Bedingungen und Zwecken der durchgef\u00fchrten Verarbeitungen finden Sie unter dem Link: <a href=\"http:\/\/www.talas.it\/privacy-policy-bungalows\/\">http:\/\/www.talas.it\/privacy-policy-bungalows\/<\/a> *\n<\/p>\n<p><span class=\"wpcf7-form-control-wrap\" data-name=\"acceptance-267\"><span class=\"wpcf7-form-control wpcf7-acceptance\"><span class=\"wpcf7-list-item\"><input type=\"checkbox\" name=\"acceptance-267\" value=\"1\" aria-invalid=\"false\" \/><\/span><\/span><\/span> Stimmen Sie zur Verarbeitung der Daten gem\u00e4\u00df den Bestimmungen im Informationsschreiben zur Privatsph\u00e4re *\n<\/p>\n<p><input class=\"wpcf7-form-control wpcf7-submit has-spinner\" type=\"submit\" value=\"Senden\" \/>\n<\/p><div class=\"wpcf7-response-output\" aria-hidden=\"true\"><\/div>\n<\/form>\n<\/div>\n[\/vc_column][\/vc_row]<\/p>\n<\/div>","protected":false},"excerpt":{"rendered":"<p>[vc_row][vc_column offset=&#8220;vc_hidden-lg vc_hidden-md vc_hidden-sm vc_hidden-xs&#8220;][vc_column_text][\/vc_column_text][\/vc_column][\/vc_row][vc_row][vc_column width=&#8220;1\/4&#8243;][\/vc_column][vc_column width=&#8220;1\/4&#8243;][\/vc_column][vc_column width=&#8220;1\/2&#8243;][\/vc_column][\/vc_row]<\/p>\n","protected":false},"author":1,"featured_media":0,"parent":0,"menu_order":0,"comment_status":"closed","ping_status":"closed","template":"","meta":{"_acf_changed":false,"footnotes":""},"acf":[],"yoast_head":"<!-- This site is optimized with the Yoast SEO plugin v24.0 - https:\/\/yoast.com\/wordpress\/plugins\/seo\/ -->\n<title>Kontakte - Talas Diving Center - Isola d&#039;Elba - Elba Diving - Diving Elba - Immersioni Isola d&#039;Elba - Tauchschule Elba - Elba Tauchen - Corsi Sub Elba<\/title>\n<meta name=\"robots\" content=\"index, follow, max-snippet:-1, max-image-preview:large, max-video-preview:-1\" \/>\n<link rel=\"canonical\" href=\"https:\/\/www.talas.it\/de\/kontakte\/\" \/>\n<meta property=\"og:locale\" content=\"de_DE\" \/>\n<meta property=\"og:type\" content=\"article\" \/>\n<meta property=\"og:title\" content=\"Kontakte - Talas Diving Center - Isola d&#039;Elba - Elba Diving - Diving Elba - Immersioni Isola d&#039;Elba - Tauchschule Elba - Elba Tauchen - Corsi Sub Elba\" \/>\n<meta property=\"og:description\" content=\"[vc_row][vc_column offset=&#8220;vc_hidden-lg vc_hidden-md vc_hidden-sm vc_hidden-xs&#8220;][vc_column_text][\/vc_column_text][\/vc_column][\/vc_row][vc_row][vc_column width=&#8220;1\/4&#8243;][\/vc_column][vc_column width=&#8220;1\/4&#8243;][\/vc_column][vc_column width=&#8220;1\/2&#8243;][\/vc_column][\/vc_row]\" \/>\n<meta property=\"og:url\" content=\"https:\/\/www.talas.it\/de\/kontakte\/\" \/>\n<meta property=\"og:site_name\" content=\"Talas Diving Center - Isola d&#039;Elba - Elba Diving - Diving Elba - Immersioni Isola d&#039;Elba - Tauchschule Elba - Elba Tauchen - Corsi Sub Elba\" \/>\n<meta property=\"article:publisher\" content=\"http:\/\/www.facebook.com\/talasdivingcenter\" \/>\n<meta property=\"article:modified_time\" content=\"2022-07-06T09:52:08+00:00\" \/>\n<meta property=\"og:image\" content=\"https:\/\/www.talas.it\/wp-content\/uploads\/2015\/05\/immersioni-isola-d-elba-logo-pp@2x.png\" \/>\n\t<meta property=\"og:image:width\" content=\"104\" \/>\n\t<meta property=\"og:image:height\" content=\"77\" \/>\n\t<meta property=\"og:image:type\" content=\"image\/png\" \/>\n<meta name=\"twitter:label1\" content=\"Gesch\u00e4tzte Lesezeit\" \/>\n\t<meta name=\"twitter:data1\" content=\"1\u00a0Minute\" \/>\n<script type=\"application\/ld+json\" class=\"yoast-schema-graph\">{\"@context\":\"https:\/\/schema.org\",\"@graph\":[{\"@type\":\"WebPage\",\"@id\":\"https:\/\/www.talas.it\/de\/kontakte\/\",\"url\":\"https:\/\/www.talas.it\/de\/kontakte\/\",\"name\":\"Kontakte - Talas Diving Center - Isola d&#039;Elba - Elba Diving - Diving Elba - Immersioni Isola d&#039;Elba - Tauchschule Elba - Elba Tauchen - Corsi Sub Elba\",\"isPartOf\":{\"@id\":\"https:\/\/www.talas.it\/#website\"},\"datePublished\":\"2015-05-11T13:47:23+00:00\",\"dateModified\":\"2022-07-06T09:52:08+00:00\",\"breadcrumb\":{\"@id\":\"https:\/\/www.talas.it\/de\/kontakte\/#breadcrumb\"},\"inLanguage\":\"de\",\"potentialAction\":[{\"@type\":\"ReadAction\",\"target\":[\"https:\/\/www.talas.it\/de\/kontakte\/\"]}]},{\"@type\":\"BreadcrumbList\",\"@id\":\"https:\/\/www.talas.it\/de\/kontakte\/#breadcrumb\",\"itemListElement\":[{\"@type\":\"ListItem\",\"position\":1,\"name\":\"Home\",\"item\":\"https:\/\/www.talas.it\/de\/\"},{\"@type\":\"ListItem\",\"position\":2,\"name\":\"Kontakte\"}]},{\"@type\":\"WebSite\",\"@id\":\"https:\/\/www.talas.it\/#website\",\"url\":\"https:\/\/www.talas.it\/\",\"name\":\"Talas Diving Center - Isola d&#039;Elba - Elba Diving - Diving Elba - Immersioni Isola d&#039;Elba - Tauchschule Elba - Elba Tauchen - Corsi Sub Elba\",\"description\":\"Un nuovo sito targato WordPress\",\"potentialAction\":[{\"@type\":\"SearchAction\",\"target\":{\"@type\":\"EntryPoint\",\"urlTemplate\":\"https:\/\/www.talas.it\/?s={search_term_string}\"},\"query-input\":{\"@type\":\"PropertyValueSpecification\",\"valueRequired\":true,\"valueName\":\"search_term_string\"}}],\"inLanguage\":\"de\"}]}<\/script>\n<!-- \/ Yoast SEO plugin. -->","yoast_head_json":{"title":"Kontakte - Talas Diving Center - Isola d&#039;Elba - Elba Diving - Diving Elba - Immersioni Isola d&#039;Elba - Tauchschule Elba - Elba Tauchen - Corsi Sub Elba","robots":{"index":"index","follow":"follow","max-snippet":"max-snippet:-1","max-image-preview":"max-image-preview:large","max-video-preview":"max-video-preview:-1"},"canonical":"https:\/\/www.talas.it\/de\/kontakte\/","og_locale":"de_DE","og_type":"article","og_title":"Kontakte - Talas Diving Center - Isola d&#039;Elba - Elba Diving - Diving Elba - Immersioni Isola d&#039;Elba - Tauchschule Elba - Elba Tauchen - Corsi Sub Elba","og_description":"[vc_row][vc_column offset=&#8220;vc_hidden-lg vc_hidden-md vc_hidden-sm vc_hidden-xs&#8220;][vc_column_text][\/vc_column_text][\/vc_column][\/vc_row][vc_row][vc_column width=&#8220;1\/4&#8243;][\/vc_column][vc_column width=&#8220;1\/4&#8243;][\/vc_column][vc_column width=&#8220;1\/2&#8243;][\/vc_column][\/vc_row]","og_url":"https:\/\/www.talas.it\/de\/kontakte\/","og_site_name":"Talas Diving Center - Isola d&#039;Elba - Elba Diving - Diving Elba - Immersioni Isola d&#039;Elba - Tauchschule Elba - Elba Tauchen - Corsi Sub Elba","article_publisher":"http:\/\/www.facebook.com\/talasdivingcenter","article_modified_time":"2022-07-06T09:52:08+00:00","og_image":[{"width":104,"height":77,"url":"https:\/\/www.talas.it\/wp-content\/uploads\/2015\/05\/immersioni-isola-d-elba-logo-pp@2x.png","type":"image\/png"}],"twitter_misc":{"Gesch\u00e4tzte Lesezeit":"1\u00a0Minute"},"schema":{"@context":"https:\/\/schema.org","@graph":[{"@type":"WebPage","@id":"https:\/\/www.talas.it\/de\/kontakte\/","url":"https:\/\/www.talas.it\/de\/kontakte\/","name":"Kontakte - Talas Diving Center - Isola d&#039;Elba - Elba Diving - Diving Elba - Immersioni Isola d&#039;Elba - Tauchschule Elba - Elba Tauchen - Corsi Sub Elba","isPartOf":{"@id":"https:\/\/www.talas.it\/#website"},"datePublished":"2015-05-11T13:47:23+00:00","dateModified":"2022-07-06T09:52:08+00:00","breadcrumb":{"@id":"https:\/\/www.talas.it\/de\/kontakte\/#breadcrumb"},"inLanguage":"de","potentialAction":[{"@type":"ReadAction","target":["https:\/\/www.talas.it\/de\/kontakte\/"]}]},{"@type":"BreadcrumbList","@id":"https:\/\/www.talas.it\/de\/kontakte\/#breadcrumb","itemListElement":[{"@type":"ListItem","position":1,"name":"Home","item":"https:\/\/www.talas.it\/de\/"},{"@type":"ListItem","position":2,"name":"Kontakte"}]},{"@type":"WebSite","@id":"https:\/\/www.talas.it\/#website","url":"https:\/\/www.talas.it\/","name":"Talas Diving Center - Isola d&#039;Elba - Elba Diving - Diving Elba - Immersioni Isola d&#039;Elba - Tauchschule Elba - Elba Tauchen - Corsi Sub Elba","description":"Un nuovo sito targato WordPress","potentialAction":[{"@type":"SearchAction","target":{"@type":"EntryPoint","urlTemplate":"https:\/\/www.talas.it\/?s={search_term_string}"},"query-input":{"@type":"PropertyValueSpecification","valueRequired":true,"valueName":"search_term_string"}}],"inLanguage":"de"}]}},"_links":{"self":[{"href":"https:\/\/www.talas.it\/de\/wp-json\/wp\/v2\/pages\/665"}],"collection":[{"href":"https:\/\/www.talas.it\/de\/wp-json\/wp\/v2\/pages"}],"about":[{"href":"https:\/\/www.talas.it\/de\/wp-json\/wp\/v2\/types\/page"}],"author":[{"embeddable":true,"href":"https:\/\/www.talas.it\/de\/wp-json\/wp\/v2\/users\/1"}],"replies":[{"embeddable":true,"href":"https:\/\/www.talas.it\/de\/wp-json\/wp\/v2\/comments?post=665"}],"version-history":[{"count":3,"href":"https:\/\/www.talas.it\/de\/wp-json\/wp\/v2\/pages\/665\/revisions"}],"predecessor-version":[{"id":949,"href":"https:\/\/www.talas.it\/de\/wp-json\/wp\/v2\/pages\/665\/revisions\/949"}],"wp:attachment":[{"href":"https:\/\/www.talas.it\/de\/wp-json\/wp\/v2\/media?parent=665"}],"curies":[{"name":"wp","href":"https:\/\/api.w.org\/{rel}","templated":true}]}}