{"id":539,"date":"2015-05-11T17:45:48","date_gmt":"2015-05-11T15:45:48","guid":{"rendered":"http:\/\/www.talas.it\/home\/"},"modified":"2025-11-24T08:23:36","modified_gmt":"2025-11-24T07:23:36","slug":"home","status":"publish","type":"page","link":"https:\/\/www.talas.it\/de\/","title":{"rendered":"Talas Diving Center &#8211; Elba &#8211; Immersioni isola d&#8217;Elba &#8211; Elba diving Center &#8211; Diving in Elba &#8211; Immersioni Elba"},"content":{"rendered":"<div class=\"wpb-content-wrapper\"><p>[vc_row bg_type=&#8220;bg_color&#8220; min_height=&#8220;500&#8243; bg_color_value=&#8220;#ffffff&#8220;][vc_column width=&#8220;1\/3&#8243; animation=&#8220;fadeIn&#8220;]<div class=\"dt-fancy-separator h3-size style-disabled title-color\" style=\"width: 90%;\"><div class=\"dt-fancy-title bg-on\"><span class=\"separator-holder separator-left\"><\/span>Entspannen Sie sich<span class=\"separator-holder separator-right\"><\/span><\/div><\/div>[vc_column_text css=&#8220;.vc_custom_1763968996806{padding-top: 5px !important;}&#8220;]<img class=\"aligncenter size-full wp-image-276\" style=\"padding-bottom: 15px;\" srcset=\"http:\/\/www.talas.it\/wp-content\/uploads\/2015\/05\/rilassati@2x.jpg 1x, https:\/\/www.talas.it\/wp-content\/uploads\/2015\/05\/rilassati.jpg 2x\" alt=\"rilassati@2x\" width=\"400\" height=\"250\" \/><\/p>\n<p>Entdecken Sie das Angebot, das Talas Diving Center f\u00fcr Ihren Aufenthalt auf der Insel Elba gedacht hat. Kommen Sie rein und schauen Sie sich die neuen Bungalows an, die f\u00fcr maximal 4 &#8211; 6 Personen sind. Sie befinden sich nur 100 m vom Strand von Lido di Capoliveri und wortw\u00f6rtlich einen Schritt weiter vom Diving Center.[\/vc_column_text][\/vc_column][vc_column width=&#8220;1\/3&#8243; animation=&#8220;fadeIn&#8220;]<div class=\"dt-fancy-separator h3-size style-disabled title-color\" style=\"width: 50%;\"><div class=\"dt-fancy-title bg-on\"><span class=\"separator-holder separator-left\"><\/span>Atmen Sie<span class=\"separator-holder separator-right\"><\/span><\/div><\/div>[vc_column_text css=&#8220;.vc_custom_1763969003639{padding-top: 5px !important;}&#8220;]<img class=\"aligncenter size-full wp-image-276\" style=\"padding-bottom: 15px;\" srcset=\"http:\/\/www.talas.it\/wp-content\/uploads\/2015\/05\/padi-couple-reflect.jpg 1x, https:\/\/www.talas.it\/wp-content\/uploads\/2015\/05\/padi-couple-reflect@2x.jpg 2x\" alt=\"corsi-sub-elba-tauchschule\" width=\"400\" height=\"250\" \/><\/p>\n<p>Melden Sie sich f\u00fcr einen der Kurse PADI an, die unser Diving Center anbieten. Schauen Sie, wie Sie die das Tauchen und die Unterwasserwelt der Insel Elba entdecken k\u00f6nnen. Auch ohne einen kompletten Kurs zu machen, k\u00f6nnen Sie einen besonderen und unvergesslichen Tag verbringen&#8230;[\/vc_column_text][\/vc_column][vc_column width=&#8220;1\/3&#8243; animation=&#8220;fadeIn&#8220;]<div class=\"dt-fancy-separator h3-size style-disabled title-color\" style=\"width: 90%;\"><div class=\"dt-fancy-title bg-on\"><span class=\"separator-holder separator-left\"><\/span>Wiederholen Sie<span class=\"separator-holder separator-right\"><\/span><\/div><\/div>[vc_column_text css=&#8220;.vc_custom_1763969012891{padding-top: 5px !important;}&#8220;]<img class=\"aligncenter size-full wp-image-276\" style=\"padding-bottom: 15px;\" srcset=\"http:\/\/www.talas.it\/wp-content\/uploads\/2015\/05\/blu2.jpg 1x, https:\/\/www.talas.it\/wp-content\/uploads\/2015\/05\/blu@2x2.jpg 2x\" alt=\"immerisoni-isola-d-elba-tauchen-insel-elba\" width=\"400\" height=\"250\" \/><\/p>\n<p>Die Insel Elba bietet eine einzigartige Landschaft sowohl \u00fcber als auch unter Wasser an. Mit mehr als 40 Tauchpunkten und fast 150 km K\u00fcste ist es unm\u00f6glich, still zu bleiben. Setzen Sie Ihr Tauchen oder Ihre Unterwasserbildung auf der Insel Elba bei unserem Dive Center und Resort fort.[\/vc_column_text][\/vc_column][\/vc_row][vc_row type=&#8220;1&#8243; bg_position=&#8220;center&#8220; bg_cover=&#8220;true&#8220; bg_attachment=&#8220;true&#8220; enable_parallax=&#8220;false&#8220; parallax_speed=&#8220;0.7&#8243; el_id=&#8220;barca&#8220; min_height=&#8220;500&#8243; el_class=&#8220;barca&#8220; bg_image=&#8220;https:\/\/www.talas.it\/wp-content\/uploads\/2015\/05\/barca_parallax2.jpg&#8220;][vc_column width=&#8220;1\/2&#8243;][vc_column_text css=&#8220;.vc_custom_1539347618974{padding-right: 50px !important;padding-bottom: 15px !important;padding-left: 15px !important;}&#8220;]<\/p>\n<h2><span style=\"color: #000000;\">\u00dcber uns<\/span><\/h2>\n<p>F\u00fcr alle diejenige, die das Meer lieber, und f\u00fcr Tauchen mit Erfahrung sowie alle, die das Gef\u00fchl des ersten Tauchens f\u00fchlen m\u00f6chten, stell TALAS seit 1993 das f\u00fcnf Sterne Unterwasserzentrum PADI zur Verf\u00fcgung.<\/p>\n<p>Das Talas Diving Center befindet sich am s\u00fcdlichen Hang der Insel, in der Ortschaft Lido di Capoliveri, nur 100 m vom wundersch\u00f6nen und ausgestatteten Sandstrand und nur wenige Minuten mit dem Boot zwischen den sch\u00f6nsten Tauchpunkte des toskanischen Archipels. Es verf\u00fcgt \u00fcber eine moderne und organisierte Einrichtung innerhalb eines ruhigen Gartens mit Parkplatz und kostenlosen WLAN f\u00fcr alle G\u00e4ste.<\/p>\n<p>Unser Boot ist schnell, ger\u00e4umig und komfortable, um Ausfl\u00fcge mit Doppeltauchen und Lunch an Bord auch f\u00fcr eventuelle nicht-Taucher-Begleiter anzubieten.<\/p>\n<p>Die G\u00e4ste k\u00f6nnen beschlie\u00dfe, die ganze Ausr\u00fcstung f\u00fcr die ganze Dauer des Urlaubs an Bord und montiert zu lassen, denn es gibt gro\u00dfe bedeckte Pl\u00e4tze sowie einen Luft- und Nitrox-Auflader an Bord.<\/p>\n<p>Diese Eigenschaften tragen dazu bei, dass das Boot alle Tauchpunkt um die Insel und in der N\u00e4he von Pianosa ruhig erreichen kann.[\/vc_column_text][\/vc_column][vc_column width=&#8220;1\/2&#8243;][\/vc_column][\/vc_row][vc_row type=&#8220;4&#8243; bg_position=&#8220;bottom&#8220; bg_cover=&#8220;true&#8220; bg_attachment=&#8220;true&#8220; enable_parallax=&#8220;false&#8220; parallax_speed=&#8220;0.7&#8243; bg_image=&#8220;https:\/\/www.talas.it\/wp-content\/uploads\/2015\/05\/parallax_bungalow.jpg&#8220; min_height=&#8220;500px&#8220;][vc_column width=&#8220;1\/2&#8243;][\/vc_column][vc_column width=&#8220;1\/2&#8243;][vc_column_text css_animation=&#8220;fadeInRightBig&#8220; css=&#8220;.vc_custom_1539348367413{padding-top: 90px !important;padding-right: 50px !important;padding-bottom: 90px !important;padding-left: 100px !important;}&#8220;]<\/p>\n<h3><span style=\"color: #800080;\">Bungalows<\/span><\/h3>\n<p style=\"color: #000000;\">Talas Diving Center bietet einen Aufenthalt in gro\u00dfem Stil an. Mit den super neuen Bungalows letzter Generation stellt das Diving Center zwei Wohneinheiten zur Verf\u00fcgung, die bis 4 &#8211; 6 Personen willkommen hei\u00dfen k\u00f6nnen. Sie k\u00f6nnen sich also einen Urlaub im Hinblick der Entspannung und Vergn\u00fcgung auf der Insel Elba schenken.<\/p>\n<p style=\"color: #000000;\">Besuchen Sie die Seite, um alle notwendigen Informationen zu finden, damit Sie einen wundervollen Aufenthalt im phantastischen Rahmen von Lido di Capoliveri verbringen k\u00f6nnen.<\/p>\n<p><a href=\"http:\/\/www.talas.it\/bungalows-appartamenti-soggiorno-isola-d-elba-appartamenti-elba-case-vacanza-lido-di-capoliveri-capoliveri-spiaggia\/\" class=\"dt-btn-m dt-btn btn-light\" target=\"_blank\" style=\"color: #1f447a;\">Entra<\/a>[\/vc_column_text][\/vc_column][\/vc_row][vc_row bg_type=&#8220;image&#8220; parallax_style=&#8220;vcpb-vz-jquery&#8220; bg_image_new=&#8220;67&#8243; bg_image_repeat=&#8220;no-repeat&#8220; parallax_sense=&#8220;15&#8243; bg_override=&#8220;full&#8220; min_height=&#8220;500&#8243;][vc_column width=&#8220;1\/3&#8243; animation=&#8220;fadeInLeftBig&#8220;][vc_column_text css=&#8220;.vc_custom_1539347826559{padding-top: 80px !important;padding-right: 50px !important;padding-bottom: 80px !important;padding-left: 50px !important;}&#8220;]<\/p>\n<h2 style=\"text-align: left;\"><span style=\"color: #ffffff;\">Tauchkurse<\/span><\/h2>\n<p style=\"text-align: left;\"><span style=\"color: #ffffff;\">Mit seiner zwanzigj\u00e4hrigen Erfahrung im Bereich der Tauchkurse bietet das Talas Diving Center allen Kunden die aktualisiertesten und lustigsten Kurse PADI an, das ein f\u00fchrendes Unternehmen des Sektors ist. Kommen Sie und entdecken Sie alle L\u00f6sungen f\u00fcrs Tauchen in den wundersch\u00f6nen Meeresb\u00f6den der Insel Elba. Dabei vergn\u00fcgen Sie sich mit den Freunden oder mit der Familie.<\/span><\/p>\n<p style=\"text-align: right;\">\u00a0<a href=\"http:\/\/www.talas.it\/de\/tauchkurse\/\" class=\"dt-btn-m dt-btn\" target=\"_blank\">Zur Seite gehen<\/a><\/p>\n<p>[\/vc_column_text][\/vc_column][vc_column width=&#8220;2\/3&#8243;][\/vc_column][\/vc_row]<\/p>\n<\/div>","protected":false},"excerpt":{"rendered":"<p>[vc_row bg_type=&#8220;bg_color&#8220; min_height=&#8220;500&#8243; bg_color_value=&#8220;#ffffff&#8220;][vc_column width=&#8220;1\/3&#8243; animation=&#8220;fadeIn&#8220;][vc_column_text css=&#8220;.vc_custom_1763968996806{padding-top: 5px !important;}&#8220;] Entdecken Sie das Angebot, das Talas Diving Center f\u00fcr Ihren Aufenthalt auf der Insel Elba gedacht hat. Kommen Sie rein und schauen Sie sich die neuen Bungalows an, die f\u00fcr maximal 4 &#8211; 6 Personen sind. Sie befinden sich nur 100 m vom Strand von Lido&hellip;<\/p>\n","protected":false},"author":1,"featured_media":541,"parent":0,"menu_order":0,"comment_status":"closed","ping_status":"closed","template":"","meta":{"_acf_changed":false,"footnotes":""},"acf":[],"yoast_head":"<!-- This site is optimized with the Yoast SEO plugin v24.0 - https:\/\/yoast.com\/wordpress\/plugins\/seo\/ -->\n<title>Talas Diving Center Elba - Immersioni Elba - Diving Center<\/title>\n<meta name=\"description\" content=\"Diving Center Elba - Isola d&#039;Elba - Immersioni Elba - Elba diving center Elba - Diving in Elba - Center - Diving Center - Scuba Diving - Isola d&#039;Elba\" \/>\n<meta name=\"robots\" content=\"index, follow, max-snippet:-1, max-image-preview:large, max-video-preview:-1\" \/>\n<link rel=\"canonical\" href=\"https:\/\/www.talas.it\/de\/\" \/>\n<meta property=\"og:locale\" content=\"de_DE\" \/>\n<meta property=\"og:type\" content=\"article\" \/>\n<meta property=\"og:title\" content=\"Talas Diving Center - centro immersioni isola d&#039;Elba\" \/>\n<meta property=\"og:description\" content=\"Immersioni all&#039;Elba? Vieni a scoprire i fondali dell&#039;Isola insieme a noi. Se non hai mai usato le bombole inizia da uno dei corsi subacquei offerti dal nostro diving center e resort. Cerchi una casa per le vacanze....scopri tutto sul nostro sito!\" \/>\n<meta property=\"og:url\" content=\"https:\/\/www.talas.it\/de\/\" \/>\n<meta property=\"og:site_name\" content=\"Talas Diving Center - Isola d&#039;Elba - Elba Diving - Diving Elba - Immersioni Isola d&#039;Elba - Tauchschule Elba - Elba Tauchen - Corsi Sub Elba\" \/>\n<meta property=\"article:publisher\" content=\"http:\/\/www.facebook.com\/talasdivingcenter\" \/>\n<meta property=\"article:modified_time\" content=\"2025-11-24T07:23:36+00:00\" \/>\n<meta property=\"og:image\" content=\"https:\/\/www.talas.it\/wp-content\/uploads\/2015\/05\/immersioni-isola-d-elba-logo-pp@2x.png\" \/>\n\t<meta property=\"og:image:width\" content=\"104\" \/>\n\t<meta property=\"og:image:height\" content=\"77\" \/>\n\t<meta property=\"og:image:type\" content=\"image\/png\" \/>\n<meta name=\"twitter:label1\" content=\"Gesch\u00e4tzte Lesezeit\" \/>\n\t<meta name=\"twitter:data1\" content=\"4\u00a0Minuten\" \/>\n<script type=\"application\/ld+json\" class=\"yoast-schema-graph\">{\"@context\":\"https:\/\/schema.org\",\"@graph\":[{\"@type\":\"WebPage\",\"@id\":\"https:\/\/www.talas.it\/de\/\",\"url\":\"https:\/\/www.talas.it\/de\/\",\"name\":\"Talas Diving Center Elba - Immersioni Elba - Diving Center\",\"isPartOf\":{\"@id\":\"https:\/\/www.talas.it\/#website\"},\"primaryImageOfPage\":{\"@id\":\"https:\/\/www.talas.it\/de\/#primaryimage\"},\"image\":{\"@id\":\"https:\/\/www.talas.it\/de\/#primaryimage\"},\"thumbnailUrl\":\"https:\/\/www.talas.it\/wp-content\/uploads\/2015\/05\/new-logo-web-01.png\",\"datePublished\":\"2015-05-11T15:45:48+00:00\",\"dateModified\":\"2025-11-24T07:23:36+00:00\",\"description\":\"Diving Center Elba - Isola d'Elba - Immersioni Elba - Elba diving center Elba - Diving in Elba - Center - Diving Center - Scuba Diving - Isola d'Elba\",\"breadcrumb\":{\"@id\":\"https:\/\/www.talas.it\/de\/#breadcrumb\"},\"inLanguage\":\"de\",\"potentialAction\":[{\"@type\":\"ReadAction\",\"target\":[\"https:\/\/www.talas.it\/de\/\"]}]},{\"@type\":\"ImageObject\",\"inLanguage\":\"de\",\"@id\":\"https:\/\/www.talas.it\/de\/#primaryimage\",\"url\":\"https:\/\/www.talas.it\/wp-content\/uploads\/2015\/05\/new-logo-web-01.png\",\"contentUrl\":\"https:\/\/www.talas.it\/wp-content\/uploads\/2015\/05\/new-logo-web-01.png\",\"width\":273,\"height\":291},{\"@type\":\"BreadcrumbList\",\"@id\":\"https:\/\/www.talas.it\/de\/#breadcrumb\",\"itemListElement\":[{\"@type\":\"ListItem\",\"position\":1,\"name\":\"Home\",\"item\":\"https:\/\/www.talas.it\/de\/\"},{\"@type\":\"ListItem\",\"position\":2,\"name\":\"Talas Diving Center &#8211; Elba &#8211; Immersioni isola d&#8217;Elba &#8211; Elba diving Center &#8211; Diving in Elba &#8211; Immersioni Elba\"}]},{\"@type\":\"WebSite\",\"@id\":\"https:\/\/www.talas.it\/#website\",\"url\":\"https:\/\/www.talas.it\/\",\"name\":\"Talas Diving Center - Isola d&#039;Elba - Elba Diving - Diving Elba - Immersioni Isola d&#039;Elba - Tauchschule Elba - Elba Tauchen - Corsi Sub Elba\",\"description\":\"Un nuovo sito targato WordPress\",\"potentialAction\":[{\"@type\":\"SearchAction\",\"target\":{\"@type\":\"EntryPoint\",\"urlTemplate\":\"https:\/\/www.talas.it\/?s={search_term_string}\"},\"query-input\":{\"@type\":\"PropertyValueSpecification\",\"valueRequired\":true,\"valueName\":\"search_term_string\"}}],\"inLanguage\":\"de\"}]}<\/script>\n<!-- \/ Yoast SEO plugin. -->","yoast_head_json":{"title":"Talas Diving Center Elba - Immersioni Elba - Diving Center","description":"Diving Center Elba - Isola d'Elba - Immersioni Elba - Elba diving center Elba - Diving in Elba - Center - Diving Center - Scuba Diving - Isola d'Elba","robots":{"index":"index","follow":"follow","max-snippet":"max-snippet:-1","max-image-preview":"max-image-preview:large","max-video-preview":"max-video-preview:-1"},"canonical":"https:\/\/www.talas.it\/de\/","og_locale":"de_DE","og_type":"article","og_title":"Talas Diving Center - centro immersioni isola d'Elba","og_description":"Immersioni all'Elba? Vieni a scoprire i fondali dell'Isola insieme a noi. Se non hai mai usato le bombole inizia da uno dei corsi subacquei offerti dal nostro diving center e resort. Cerchi una casa per le vacanze....scopri tutto sul nostro sito!","og_url":"https:\/\/www.talas.it\/de\/","og_site_name":"Talas Diving Center - Isola d&#039;Elba - Elba Diving - Diving Elba - Immersioni Isola d&#039;Elba - Tauchschule Elba - Elba Tauchen - Corsi Sub Elba","article_publisher":"http:\/\/www.facebook.com\/talasdivingcenter","article_modified_time":"2025-11-24T07:23:36+00:00","og_image":[{"width":104,"height":77,"url":"https:\/\/www.talas.it\/wp-content\/uploads\/2015\/05\/immersioni-isola-d-elba-logo-pp@2x.png","type":"image\/png"}],"twitter_misc":{"Gesch\u00e4tzte Lesezeit":"4\u00a0Minuten"},"schema":{"@context":"https:\/\/schema.org","@graph":[{"@type":"WebPage","@id":"https:\/\/www.talas.it\/de\/","url":"https:\/\/www.talas.it\/de\/","name":"Talas Diving Center Elba - Immersioni Elba - Diving Center","isPartOf":{"@id":"https:\/\/www.talas.it\/#website"},"primaryImageOfPage":{"@id":"https:\/\/www.talas.it\/de\/#primaryimage"},"image":{"@id":"https:\/\/www.talas.it\/de\/#primaryimage"},"thumbnailUrl":"https:\/\/www.talas.it\/wp-content\/uploads\/2015\/05\/new-logo-web-01.png","datePublished":"2015-05-11T15:45:48+00:00","dateModified":"2025-11-24T07:23:36+00:00","description":"Diving Center Elba - Isola d'Elba - Immersioni Elba - Elba diving center Elba - Diving in Elba - Center - Diving Center - Scuba Diving - Isola d'Elba","breadcrumb":{"@id":"https:\/\/www.talas.it\/de\/#breadcrumb"},"inLanguage":"de","potentialAction":[{"@type":"ReadAction","target":["https:\/\/www.talas.it\/de\/"]}]},{"@type":"ImageObject","inLanguage":"de","@id":"https:\/\/www.talas.it\/de\/#primaryimage","url":"https:\/\/www.talas.it\/wp-content\/uploads\/2015\/05\/new-logo-web-01.png","contentUrl":"https:\/\/www.talas.it\/wp-content\/uploads\/2015\/05\/new-logo-web-01.png","width":273,"height":291},{"@type":"BreadcrumbList","@id":"https:\/\/www.talas.it\/de\/#breadcrumb","itemListElement":[{"@type":"ListItem","position":1,"name":"Home","item":"https:\/\/www.talas.it\/de\/"},{"@type":"ListItem","position":2,"name":"Talas Diving Center &#8211; Elba &#8211; Immersioni isola d&#8217;Elba &#8211; Elba diving Center &#8211; Diving in Elba &#8211; Immersioni Elba"}]},{"@type":"WebSite","@id":"https:\/\/www.talas.it\/#website","url":"https:\/\/www.talas.it\/","name":"Talas Diving Center - Isola d&#039;Elba - Elba Diving - Diving Elba - Immersioni Isola d&#039;Elba - Tauchschule Elba - Elba Tauchen - Corsi Sub Elba","description":"Un nuovo sito targato WordPress","potentialAction":[{"@type":"SearchAction","target":{"@type":"EntryPoint","urlTemplate":"https:\/\/www.talas.it\/?s={search_term_string}"},"query-input":{"@type":"PropertyValueSpecification","valueRequired":true,"valueName":"search_term_string"}}],"inLanguage":"de"}]}},"_links":{"self":[{"href":"https:\/\/www.talas.it\/de\/wp-json\/wp\/v2\/pages\/539"}],"collection":[{"href":"https:\/\/www.talas.it\/de\/wp-json\/wp\/v2\/pages"}],"about":[{"href":"https:\/\/www.talas.it\/de\/wp-json\/wp\/v2\/types\/page"}],"author":[{"embeddable":true,"href":"https:\/\/www.talas.it\/de\/wp-json\/wp\/v2\/users\/1"}],"replies":[{"embeddable":true,"href":"https:\/\/www.talas.it\/de\/wp-json\/wp\/v2\/comments?post=539"}],"version-history":[{"count":5,"href":"https:\/\/www.talas.it\/de\/wp-json\/wp\/v2\/pages\/539\/revisions"}],"predecessor-version":[{"id":1006,"href":"https:\/\/www.talas.it\/de\/wp-json\/wp\/v2\/pages\/539\/revisions\/1006"}],"wp:featuredmedia":[{"embeddable":true,"href":"https:\/\/www.talas.it\/de\/wp-json\/wp\/v2\/media\/541"}],"wp:attachment":[{"href":"https:\/\/www.talas.it\/de\/wp-json\/wp\/v2\/media?parent=539"}],"curies":[{"name":"wp","href":"https:\/\/api.w.org\/{rel}","templated":true}]}}